{"id":421,"date":"2023-10-06T07:02:34","date_gmt":"2023-10-06T07:02:34","guid":{"rendered":"https:\/\/desparpajoclown.es\/bio\/"},"modified":"2023-12-28T16:15:53","modified_gmt":"2023-12-28T16:15:53","slug":"bio","status":"publish","type":"page","link":"https:\/\/desparpajoclown.es\/en\/bio\/","title":{"rendered":"Bio"},"content":{"rendered":"<hr>\n<p><img decoding=\"async\" src=\"\/wp-content\/uploads\/2023\/12\/fotos-galeria-desparpajo-clown-03-1.jpg\" alt=\"\"><\/p>\n<h2>MAR\u00cdA AZUCENA<\/h2>\n<div>\n<p>Studied theatre at the Escuela Nacional de Arte de la Habana (Cuba).<\/p>\n<\/div>\n<div>\n<p>She travels to Buenos Aires and studies theatre and puppet theatre at the school of Avellaneda. It is here where he begins his relationship with puppetry and manipulation of objects.<\/p>\n<p>She then returned to Chile and studied juggling, acrobatics and clowning at Circo del mundo. It was at this time that he created his first clown act Mosca Hijo, a clown and object manipulation act. She then travelled to Europe and studied the world of clowning in depth with masters such as Ciscu Margenat, Marina Barbera, Johnny Melville, Jango Edwards, Jos\u00e9 Piris, Lolo Fern\u00e1ndez, Hayde Banales, Luisa Gaillard, Gabriel Cham\u00e9.<\/p>\n<p>She also met Pepe Otal&#8217;s puppet workshop in Barcelona where he made his first puppet creations with the technique of direct manipulation, creating shows such as Roselio, Rosemarie and Malcolm. She also created the clown shows La Pose\u00edda, El Roy de Extra\u00f1a.<\/p>\n<p>The union with puppets, clown and circus led her to create the street show Transformaci\u00f3n. With this show she has toured Europe, Asia and America in important circus and puppet festivals.<\/p>\n<p>She is currently working on her indoor show Dualit\u00e9 and with the company Twisted Fairground.Art and theatre installation.<\/p>\n<\/div>\n<p><!--more--><br \/>\n<!-- {\"type\":\"layout\",\"children\":[{\"type\":\"section\",\"props\":{\"image_position\":\"center-center\",\"style\":\"default\",\"title_breakpoint\":\"xl\",\"title_position\":\"top-left\",\"title_rotation\":\"left\",\"vertical_align\":\"middle\",\"width\":\"default\"},\"children\":[{\"type\":\"row\",\"children\":[{\"type\":\"column\",\"props\":{\"image_position\":\"center-center\",\"position_sticky_breakpoint\":\"m\"},\"children\":[{\"type\":\"headline\",\"props\":{\"title_element\":\"h1\"},\"source\":{\"query\":{\"name\":\"pages.singlePage\"},\"props\":{\"content\":{\"filters\":{\"search\":\"\"},\"name\":\"title\"}}}},{\"type\":\"divider\",\"props\":{\"divider_element\":\"hr\",\"divider_style\":\"small\"}}]}]},{\"type\":\"row\",\"props\":{\"layout\":\"1-2,1-2\"},\"children\":[{\"type\":\"column\",\"props\":{\"image_position\":\"center-center\",\"position_sticky_breakpoint\":\"m\",\"width_medium\":\"1-2\"},\"children\":[{\"type\":\"image\",\"props\":{\"image\":\"wp-content\\\/uploads\\\/2023\\\/12\\\/fotos-galeria-desparpajo-clown-03-1.jpg\",\"image_svg_color\":\"emphasis\",\"margin\":\"default\"}}]},{\"type\":\"column\",\"props\":{\"image_position\":\"center-center\",\"position_sticky_breakpoint\":\"m\",\"width_medium\":\"1-2\"},\"children\":[{\"type\":\"headline\",\"props\":{\"content\":\"MAR\\u00cdA AZUCENA\",\"title_element\":\"h2\"}},{\"type\":\"text\",\"props\":{\"column_breakpoint\":\"m\",\"content\":\"\n\n<p>Studied theatre at the Escuela Nacional de Arte de la Habana (Cuba).<\\\/p>\",\"margin\":\"default\",\"text_style\":\"lead\"}},{\"type\":\"text\",\"props\":{\"column_breakpoint\":\"m\",\"content\":\"\n\n<p>She travels to Buenos Aires and studies theatre and puppet theatre at the school of Avellaneda. It is here where he begins his relationship with puppetry and manipulation of objects.<\\\/p>\\n\n\n<p>She then returned to Chile and studied juggling, acrobatics and clowning at Circo del mundo. It was at this time that he created his first clown act Mosca Hijo, a clown and object manipulation act. She then travelled to Europe and studied the world of clowning in depth with masters such as Ciscu Margenat, Marina Barbera, Johnny Melville, Jango Edwards, Jos\\u00e9 Piris, Lolo Fern\\u00e1ndez, Hayde Banales, Luisa Gaillard, Gabriel Cham\\u00e9.<\\\/p>\\n\n\n<p>She also met Pepe Otal's puppet workshop in Barcelona where he made his first puppet creations with the technique of direct manipulation, creating shows such as Roselio, Rosemarie and Malcolm. She also created the clown shows La Pose\\u00edda, El Roy de Extra\\u00f1a.<\\\/p>\\n\n\n<p>The union with puppets, clown and circus led her to create the street show Transformaci\\u00f3n. With this show she has toured Europe, Asia and America in important circus and puppet festivals.<\\\/p>\\n\n\n<p>She is currently working on her indoor show Dualit\\u00e9 and with the company Twisted Fairground.Art and theatre installation.<\\\/p>\",\"dropcap\":false,\"margin\":\"default\"}}]}]}]}],\"version\":\"4.2.11\"} --><\/p>\n","protected":false},"excerpt":{"rendered":"<p>MAR\u00cdA AZUCENA Studied theatre at the Escuela Nacional de Arte de la Habana (Cuba). She travels to Buenos Aires and studies theatre and puppet theatre at the school of Avellaneda. It is here where he begins his relationship with puppetry and manipulation of objects. She then returned to Chile and studied juggling, acrobatics and clowning [&hellip;]<\/p>\n","protected":false},"author":1,"featured_media":0,"parent":0,"menu_order":0,"comment_status":"closed","ping_status":"closed","template":"","meta":{"footnotes":""},"class_list":["post-421","page","type-page","status-publish","hentry"],"acf":[],"_links":{"self":[{"href":"https:\/\/desparpajoclown.es\/en\/wp-json\/wp\/v2\/pages\/421","targetHints":{"allow":["GET"]}}],"collection":[{"href":"https:\/\/desparpajoclown.es\/en\/wp-json\/wp\/v2\/pages"}],"about":[{"href":"https:\/\/desparpajoclown.es\/en\/wp-json\/wp\/v2\/types\/page"}],"author":[{"embeddable":true,"href":"https:\/\/desparpajoclown.es\/en\/wp-json\/wp\/v2\/users\/1"}],"replies":[{"embeddable":true,"href":"https:\/\/desparpajoclown.es\/en\/wp-json\/wp\/v2\/comments?post=421"}],"version-history":[{"count":2,"href":"https:\/\/desparpajoclown.es\/en\/wp-json\/wp\/v2\/pages\/421\/revisions"}],"predecessor-version":[{"id":505,"href":"https:\/\/desparpajoclown.es\/en\/wp-json\/wp\/v2\/pages\/421\/revisions\/505"}],"wp:attachment":[{"href":"https:\/\/desparpajoclown.es\/en\/wp-json\/wp\/v2\/media?parent=421"}],"curies":[{"name":"wp","href":"https:\/\/api.w.org\/{rel}","templated":true}]}}