{"id":438,"date":"2023-10-06T07:03:15","date_gmt":"2023-10-06T07:03:15","guid":{"rendered":"https:\/\/desparpajoclown.es\/festivales\/"},"modified":"2023-12-28T15:54:43","modified_gmt":"2023-12-28T15:54:43","slug":"festivals","status":"publish","type":"page","link":"https:\/\/desparpajoclown.es\/en\/festivals\/","title":{"rendered":"Festivals"},"content":{"rendered":"<hr>\n<div>\n<h2>Tour Twisted Fairground 2020, 2021, 2022<\/h2>\n<ul>\n<li><a href=\"https:\/\/twistedfairground.com\" target=\"_blank\" rel=\"noopener\">Twisted Fairground<\/a>: Espect\u00e1culo Los Secretos de Ecdisis, Hospital del Infierno, Serpentina.\n    <\/li>\n<\/ul>\n<h2>Tour espect\u00e1culo Transformaci\u00f3n 2019<\/h2>\n<ul>\n<li>\u200b7\/Marzo Cabarets Lila Casal jovenes la Guineueta Barcelona<\/li>\n<li>10\/Marzo centre civic Casa del Rellotje Barcelona<\/li>\n<li>16\/Marzo III Festival Payasos Gargalhadas na Lua Lisboa<\/li>\n<li>21\/ Marzo Espacio Libre Oporto<\/li>\n<li>22\/Marzo Casa de Horta Oporto<\/li>\n<li>6\/ Abril Mauvais Genre Ariege Francia<\/li>\n<li>26\/27 Abril R\u00f2mbic, 5\u00e8 Festival de titelles per a adults. Compa\u00f1ia Twisted Fairground Barcelona<\/li>\n<li>27\/ Abril Festival de arte Combativo la Candela Colectivo FemBrutal Barcelona<\/li>\n<li>19\/ Mayo Cabarets Kalakilomba Barcelona<\/li>\n<li>7\/ Julio Kalakilomba Transformaci\u00f3n<\/li>\n<li>11\/ Julio Foix France<\/li>\n<li>12\/ Julio Port Le Barcar\u00e8s Francia<\/li>\n<li>13\/ Julio Les Ginettes Carla Bayle Francia<\/li>\n<li>17\/23\/ julio Sarlat-la-Can\u00e9da Francia<\/li>\n<li>25\/28 Julio Chalon dans la rue Francia<\/li>\n<li>1\/4 Agosto MiMa &#8211; Festival des arts de la Marionnette de Mirepoix Francia<\/li>\n<li>21\/24 Festival international de th\u00e9\u00e2tre de rue (Aurillac) Francia<\/li>\n<li>20\/29 Septiembre Festival Mondial des Th\u00e9\u00e2tres de Marionnettes Charleville-M\u00e9zi\u00e8res Francia<\/li>\n<\/ul>\n<h2>Gira Espect\u00e1culo Transformaci\u00f3n y Cabaret 2018<\/h2>\n<ul>\n<li>Festival du num\u00e9ro de clown \u00e0 Grenoble Francia . &#8211; 10 al 14 Abril &#8211;<\/li>\n<li>Feria Alternativa de Sevilla Espect\u00e1culo Transformaci\u00f3n &#8211; 23 24 25 Marzo &#8211;<\/li>\n<li>Cabaret &#8220;Two Paranoics&#8221; Asociacion Old School. Barcelona &#8211; 4 Marzo &#8211;<\/li>\n<li>Cabaret &#8221; Espacio Cambalache &#8221; Torre Vieja Espa\u00f1a &#8211; 10 Marzo &#8211;<\/li>\n<li>Temporada &#8220;Two parnoics &#8221; Baronatas Circus Cabarets &#8211; Milano Italia &#8211; 12 Mayo<\/li>\n<li>Two Paranoic Cabarets Bar Il Vagone &#8211; Milano Italia &#8211; 27 Mayo<\/li>\n<li>Festival &#8220;kulturshine &#8221; Salzburg &#8211; Austria &#8211; 14 julio-<\/li>\n<li>Chalon Dans la Rue Francia &#8211; 20 Julio-<\/li>\n<li>MIMA &#8211; Mirepoix Francia &#8211; 2 al 5 Agosto<\/li>\n<li>Petrushka World Puppet Carnival in Yekaterinburg, Russia 12- 20 Agosto<\/li>\n<li>Festival d&#8217;Aurillac Francia &#8211; 22 al 25 -Agosto<\/li>\n<li>Fira T\u00e0rrega Catalu\u00f1a &#8211; Espa\u00f1a &#8211; 6 al 9 Septiembre<\/li>\n<li>Strassen Kunst Festival &#8211; Circ Allora &#8211; Auer Italia &#8211; 22 y 23 Septiembre<\/li>\n<li>Clown&amp;Clown Festival &#8211; Clown Factor premio takimiri &#8211; Monte San Giusto Italia- 3 &#8211; 7 Octubre<\/li>\n<li>Festiclown Festival Esperanzah &#8211; El Prat Barcelona &#8211; 11 al 14 Octubre<\/li>\n<li>Dia del Cir a Breda &#8211; Catalu\u00f1a &#8211; 16 &#8211; 17 Noviembre<\/li>\n<\/ul>\n<h2>\u200bGira Espect\u00e1culo Transformaci\u00f3n 2017<\/h2>\n<ul>\n<li>\u200bGira temporada de verano en Chile. &#8211; Santiago y Valdivia<\/li>\n<li>Creativity Summer Festival Rimini Italia &#8211; 15 y 16 &#8211; Julio<\/li>\n<li>Internationales Stra\u00dfenkunstfestival Pflasterspektakel Linz, Austria &#8211; 20, 22, 23 &#8211; Julio<\/li>\n<li>Olala Internationales Stra\u00dfentheaterfestival Lienz &#8211; 25 AL 29 Julio con la compa\u00f1ia TWISTED FAIRGROUND<\/li>\n<li>Kulturufer Friedrichshafen &#8211; 2 al 6 &#8211; de Agosto<\/li>\n<li>Festival Mondial de Marionnettes de Charleville-M\u00e9zi\u00e8res France &#8211; 16 al 24 de Septiembre<\/li>\n<li>Festival Internacional de Palha\u00e7as Bolina<\/li>\n<\/ul>\n<h2>\u200bGira Espect\u00e1culo Transformaci\u00f3n 2016<\/h2>\n<ul>\n<li>Festival de Titelles de Barcelona Poble Espanyol 22 y 23 de Marzo<\/li>\n<li>Festival Titirimundi Segovia 11 AL 16 de Mayo<\/li>\n<li>World puppet festival &#8211; Donostia- 28 Mayo al 5 de Junio<\/li>\n<li>MiMa &#8211; Festival des arts de la Marionnette de Mirepoix- 4 al 7 de Agosto<\/li>\n<li>Feria de teatro de Castilla y Leon &#8211; Ciudad Rodrigo- 23 al 27 de Agosto<\/li>\n<li>Fira T\u00e1rrega &#8211; 8 al 11 de Septiembre<\/li>\n<\/ul>\n<h2>\u200bGira Espect\u00e1culo Transformaci\u00f3n 2015<\/h2>\n<ul>\n<li>\u200bFestival Internacional Titirimundi Segovia, Espa\u00f1a<\/li>\n<li>Busker Fest Skopje, Macedonia<\/li>\n<li>Festival d&#8217;Avignon, France.<\/li>\n<li>Festival Mondial de Marionnettes de Charleville-M\u00e9zi\u00e8res France.<\/li>\n<li>Festival Internacional Ozomatli, M\u00e8xico<\/li>\n<\/ul>\n<h2>\u200b\u200bGira Espect\u00e1culo Transformaci\u00f3n 2013 y 2014<\/h2>\n<ul>\n<li>\u200b\u200bFestival d&#8217;Avignon, France.<\/li>\n<li>Festival International de Th\u00e9\u00e2tre de Rue et des Arts de la rue d&#8217;Aurillac, France.<\/li>\n<li>festival de th\u00e9\u00e2tre de rue, Ch\u00e2lon, France.<\/li>\n<li>Festival Mondial de Marionnettes de Charleville-M\u00e9zi\u00e8res France.<\/li>\n<li>Festival Festa del Cappello isola Carloforte Sardegna, Italia<\/li>\n<li>Bydgozcz Busker Fest Polonia<\/li>\n<li>Fira de Tarrega, Espa\u00f1a<\/li>\n<li>Festisheca Buenos Aires, Argentina<\/li>\n<li>Gira por Argentina Y Chile<\/li>\n<\/ul>\n<h2>\u200b<\/h2>\n<h2><\/h2>\n<h2>Premios<\/h2>\n<p><strong>Mejor espect\u00e1culo Infantil<\/strong> World Puppet Carnival in Yekaterinburg, Russia 12- 20 Agosto<\/p>\n<p><strong>Premio mejor espect\u00e1culo en peque\u00f1o formato<\/strong> &#8211; Carabanchel en Escena &#8211; con el n\u00f9mero &#8221; La Mosca Hijo &#8220;. Carabanchel, Madrid, Espa\u00f1a<\/p>\n<\/div>\n<p><!--more--><br \/>\n<!-- {\"type\":\"layout\",\"children\":[{\"type\":\"section\",\"props\":{\"image_position\":\"center-center\",\"style\":\"default\",\"title_breakpoint\":\"xl\",\"title_position\":\"top-left\",\"title_rotation\":\"left\",\"vertical_align\":\"middle\",\"width\":\"default\"},\"children\":[{\"type\":\"row\",\"children\":[{\"type\":\"column\",\"props\":{\"image_position\":\"center-center\",\"position_sticky_breakpoint\":\"m\"},\"children\":[{\"type\":\"headline\",\"props\":{\"title_element\":\"h1\"},\"source\":{\"query\":{\"name\":\"pages.singlePage\"},\"props\":{\"content\":{\"filters\":{\"search\":\"\"},\"name\":\"title\"}}}},{\"type\":\"divider\",\"props\":{\"divider_element\":\"hr\",\"divider_style\":\"small\",\"margin\":\"default\"}}]}]},{\"type\":\"row\",\"children\":[{\"type\":\"column\",\"props\":{\"image_position\":\"center-center\",\"position_sticky_breakpoint\":\"m\"},\"children\":[{\"type\":\"text\",\"props\":{\"column_breakpoint\":\"m\",\"content\":\"\n\n<h2>Tour Twisted Fairground 2020, 2021, 2022<\\\/h2>\\n\n\n<ul>\\n    \n\n<li><a href=\\\"https:\\\/\\\/twistedfairground.com\\\" target=\\\"_blank\\\" rel=\\\"noopener\\\">Twisted Fairground<\\\/a>: Espect\\u00e1culo Los Secretos de Ecdisis, Hospital del Infierno, Serpentina.\\n    <\\\/li>\\n<\\\/ul>\\n\n\n<h2>Tour espect\\u00e1culo Transformaci\\u00f3n 2019<\\\/h2>\\n\n\n<ul>\\n\n\n<li>\\u200b7\\\/Marzo Cabarets Lila Casal jovenes la Guineueta Barcelona<\\\/li>\\n\n\n<li>10\\\/Marzo centre civic Casa del Rellotje Barcelona<\\\/li>\\n\n\n<li>16\\\/Marzo III Festival Payasos Gargalhadas na Lua Lisboa<\\\/li>\\n\n\n<li>21\\\/ Marzo Espacio Libre Oporto<\\\/li>\\n\n\n<li>22\\\/Marzo Casa de Horta Oporto<\\\/li>\\n\n\n<li>6\\\/ Abril Mauvais Genre Ariege Francia<\\\/li>\\n\n\n<li>26\\\/27 Abril R\\u00f2mbic, 5\\u00e8 Festival de titelles per a adults. Compa\\u00f1ia Twisted Fairground Barcelona<\\\/li>\\n\n\n<li>27\\\/ Abril Festival de arte Combativo la Candela Colectivo FemBrutal Barcelona<\\\/li>\\n\n\n<li>19\\\/ Mayo Cabarets Kalakilomba Barcelona<\\\/li>\\n\n\n<li>7\\\/ Julio Kalakilomba Transformaci\\u00f3n<\\\/li>\\n\n\n<li>11\\\/ Julio Foix France<\\\/li>\\n\n\n<li>12\\\/ Julio Port Le Barcar\\u00e8s Francia<\\\/li>\\n\n\n<li>13\\\/ Julio Les Ginettes Carla Bayle Francia<\\\/li>\\n\n\n<li>17\\\/23\\\/ julio Sarlat-la-Can\\u00e9da Francia<\\\/li>\\n\n\n<li>25\\\/28 Julio Chalon dans la rue Francia<\\\/li>\\n\n\n<li>1\\\/4 Agosto MiMa - Festival des arts de la Marionnette de Mirepoix Francia<\\\/li>\\n\n\n<li>21\\\/24 Festival international de th\\u00e9\\u00e2tre de rue (Aurillac) Francia<\\\/li>\\n\n\n<li>20\\\/29 Septiembre Festival Mondial des Th\\u00e9\\u00e2tres de Marionnettes Charleville-M\\u00e9zi\\u00e8res Francia<\\\/li>\\n<\\\/ul>\\n\n\n<h2>Gira Espect\\u00e1culo Transformaci\\u00f3n y Cabaret 2018<\\\/h2>\\n\n\n<ul>\\n\n\n<li>Festival du num\\u00e9ro de clown \\u00e0 Grenoble Francia . - 10 al 14 Abril -<\\\/li>\\n\n\n<li>Feria Alternativa de Sevilla Espect\\u00e1culo Transformaci\\u00f3n - 23 24 25 Marzo -<\\\/li>\\n\n\n<li>Cabaret \\\"Two Paranoics\\\" Asociacion Old School. Barcelona - 4 Marzo -<\\\/li>\\n\n\n<li>Cabaret \\\" Espacio Cambalache \\\" Torre Vieja Espa\\u00f1a - 10 Marzo -<\\\/li>\\n\n\n<li>Temporada \\\"Two parnoics \\\" Baronatas Circus Cabarets - Milano Italia - 12 Mayo<\\\/li>\\n\n\n<li>Two Paranoic Cabarets Bar Il Vagone - Milano Italia - 27 Mayo<\\\/li>\\n\n\n<li>Festival \\\"kulturshine \\\" Salzburg - Austria - 14 julio-<\\\/li>\\n\n\n<li>Chalon Dans la Rue Francia - 20 Julio-<\\\/li>\\n\n\n<li>MIMA - Mirepoix Francia - 2 al 5 Agosto<\\\/li>\\n\n\n<li>Petrushka World Puppet Carnival in Yekaterinburg, Russia 12- 20 Agosto<\\\/li>\\n\n\n<li>Festival d'Aurillac Francia - 22 al 25 -Agosto<\\\/li>\\n\n\n<li>Fira T\\u00e0rrega Catalu\\u00f1a - Espa\\u00f1a - 6 al 9 Septiembre<\\\/li>\\n\n\n<li>Strassen Kunst Festival - Circ Allora - Auer Italia - 22 y 23 Septiembre<\\\/li>\\n\n\n<li>Clown&amp;Clown Festival - Clown Factor premio takimiri - Monte San Giusto Italia- 3 - 7 Octubre<\\\/li>\\n\n\n<li>Festiclown Festival Esperanzah - El Prat Barcelona - 11 al 14 Octubre<\\\/li>\\n\n\n<li>Dia del Cir a Breda - Catalu\\u00f1a - 16 - 17 Noviembre<\\\/li>\\n<\\\/ul>\\n\n\n<h2>\\u200bGira Espect\\u00e1culo Transformaci\\u00f3n 2017<\\\/h2>\\n\n\n<ul>\\n\n\n<li>\\u200bGira temporada de verano en Chile. - Santiago y Valdivia<\\\/li>\\n\n\n<li>Creativity Summer Festival Rimini Italia - 15 y 16 - Julio<\\\/li>\\n\n\n<li>Internationales Stra\\u00dfenkunstfestival Pflasterspektakel Linz, Austria - 20, 22, 23 - Julio<\\\/li>\\n\n\n<li>Olala Internationales Stra\\u00dfentheaterfestival Lienz - 25 AL 29 Julio con la compa\\u00f1ia TWISTED FAIRGROUND<\\\/li>\\n\n\n<li>Kulturufer Friedrichshafen - 2 al 6 - de Agosto<\\\/li>\\n\n\n<li>Festival Mondial de Marionnettes de Charleville-M\\u00e9zi\\u00e8res France - 16 al 24 de Septiembre<\\\/li>\\n\n\n<li>Festival Internacional de Palha\\u00e7as Bolina<\\\/li>\\n<\\\/ul>\\n\n\n<h2>\\u200bGira Espect\\u00e1culo Transformaci\\u00f3n 2016<\\\/h2>\\n\n\n<ul>\\n\n\n<li>Festival de Titelles de Barcelona Poble Espanyol 22 y 23 de Marzo<\\\/li>\\n\n\n<li>Festival Titirimundi Segovia 11 AL 16 de Mayo<\\\/li>\\n\n\n<li>World puppet festival - Donostia- 28 Mayo al 5 de Junio<\\\/li>\\n\n\n<li>MiMa - Festival des arts de la Marionnette de Mirepoix- 4 al 7 de Agosto<\\\/li>\\n\n\n<li>Feria de teatro de Castilla y Leon - Ciudad Rodrigo- 23 al 27 de Agosto<\\\/li>\\n\n\n<li>Fira T\\u00e1rrega - 8 al 11 de Septiembre<\\\/li>\\n<\\\/ul>\\n\n\n<h2>\\u200bGira Espect\\u00e1culo Transformaci\\u00f3n 2015<\\\/h2>\\n\n\n<ul>\\n\n\n<li>\\u200bFestival Internacional Titirimundi Segovia, Espa\\u00f1a<\\\/li>\\n\n\n<li>Busker Fest Skopje, Macedonia<\\\/li>\\n\n\n<li>Festival d'Avignon, France.<\\\/li>\\n\n\n<li>Festival Mondial de Marionnettes de Charleville-M\\u00e9zi\\u00e8res France.<\\\/li>\\n\n\n<li>Festival Internacional Ozomatli, M\\u00e8xico<\\\/li>\\n<\\\/ul>\\n\n\n<h2>\\u200b\\u200bGira Espect\\u00e1culo Transformaci\\u00f3n 2013 y 2014<\\\/h2>\\n\n\n<ul>\\n\n\n<li>\\u200b\\u200bFestival d'Avignon, France.<\\\/li>\\n\n\n<li>Festival International de Th\\u00e9\\u00e2tre de Rue et des Arts de la rue d'Aurillac, France.<\\\/li>\\n\n\n<li>festival de th\\u00e9\\u00e2tre de rue, Ch\\u00e2lon, France.<\\\/li>\\n\n\n<li>Festival Mondial de Marionnettes de Charleville-M\\u00e9zi\\u00e8res France.<\\\/li>\\n\n\n<li>Festival Festa del Cappello isola Carloforte Sardegna, Italia<\\\/li>\\n\n\n<li>Bydgozcz Busker Fest Polonia<\\\/li>\\n\n\n<li>Fira de Tarrega, Espa\\u00f1a<\\\/li>\\n\n\n<li>Festisheca Buenos Aires, Argentina<\\\/li>\\n\n\n<li>Gira por Argentina Y Chile<\\\/li>\\n<\\\/ul>\\n\n\n<h2>\\u200b<\\\/h2>\\n\n\n<h2><\\\/h2>\\n\n\n<h2>Premios<\\\/h2>\\n\n\n<p><strong>Mejor espect\\u00e1culo Infantil<\\\/strong> World Puppet Carnival in Yekaterinburg, Russia 12- 20 Agosto<\\\/p>\\n\n\n<p><strong>Premio mejor espect\\u00e1culo en peque\\u00f1o formato<\\\/strong> - Carabanchel en Escena - con el n\\u00f9mero \\\" La Mosca Hijo \\\". Carabanchel, Madrid, Espa\\u00f1a<\\\/p>\",\"margin\":\"default\"}}]}]}]}],\"version\":\"4.2.11\"} --><\/p>\n","protected":false},"excerpt":{"rendered":"<p>Tour Twisted Fairground 2020, 2021, 2022 Twisted Fairground: Espect\u00e1culo Los Secretos de Ecdisis, Hospital del Infierno, Serpentina. Tour espect\u00e1culo Transformaci\u00f3n 2019 \u200b7\/Marzo Cabarets Lila Casal jovenes la Guineueta Barcelona 10\/Marzo centre civic Casa del Rellotje Barcelona 16\/Marzo III Festival Payasos Gargalhadas na Lua Lisboa 21\/ Marzo Espacio Libre Oporto 22\/Marzo Casa de Horta Oporto 6\/ [&hellip;]<\/p>\n","protected":false},"author":1,"featured_media":0,"parent":0,"menu_order":0,"comment_status":"closed","ping_status":"closed","template":"","meta":{"footnotes":""},"class_list":["post-438","page","type-page","status-publish","hentry"],"acf":[],"_links":{"self":[{"href":"https:\/\/desparpajoclown.es\/en\/wp-json\/wp\/v2\/pages\/438","targetHints":{"allow":["GET"]}}],"collection":[{"href":"https:\/\/desparpajoclown.es\/en\/wp-json\/wp\/v2\/pages"}],"about":[{"href":"https:\/\/desparpajoclown.es\/en\/wp-json\/wp\/v2\/types\/page"}],"author":[{"embeddable":true,"href":"https:\/\/desparpajoclown.es\/en\/wp-json\/wp\/v2\/users\/1"}],"replies":[{"embeddable":true,"href":"https:\/\/desparpajoclown.es\/en\/wp-json\/wp\/v2\/comments?post=438"}],"version-history":[{"count":1,"href":"https:\/\/desparpajoclown.es\/en\/wp-json\/wp\/v2\/pages\/438\/revisions"}],"predecessor-version":[{"id":458,"href":"https:\/\/desparpajoclown.es\/en\/wp-json\/wp\/v2\/pages\/438\/revisions\/458"}],"wp:attachment":[{"href":"https:\/\/desparpajoclown.es\/en\/wp-json\/wp\/v2\/media?parent=438"}],"curies":[{"name":"wp","href":"https:\/\/api.w.org\/{rel}","templated":true}]}}