{"id":422,"date":"2023-10-06T07:02:34","date_gmt":"2023-10-06T07:02:34","guid":{"rendered":"https:\/\/desparpajoclown.es\/bio\/"},"modified":"2023-12-28T16:35:40","modified_gmt":"2023-12-28T16:35:40","slug":"biographie","status":"publish","type":"page","link":"https:\/\/desparpajoclown.es\/fr\/biographie\/","title":{"rendered":"Biographie"},"content":{"rendered":"<hr>\n<p><img decoding=\"async\" src=\"\/wp-content\/uploads\/2023\/12\/fotos-galeria-desparpajo-clown-03-1.jpg\" alt=\"\"><\/p>\n<h2>MAR\u00cdA AZUCENA<\/h2>\n<div>\n<p>Elle a \u00e9tudi\u00e9 le th\u00e9\u00e2tre \u00e0 l&rsquo;Escuela Nacional de Arte de la Habana (Cuba).<\/p>\n<\/div>\n<div>\n<p>Elle se rend \u00e0 Buenos Aires et \u00e9tudie le th\u00e9\u00e2tre et les marionnettes \u00e0 l&rsquo;\u00e9cole Avellaneda. C&rsquo;est l\u00e0 qu&rsquo;il commence sa relation avec la marionnette et la manipulation d&rsquo;objets.<\/p>\n<p>Elle retourne ensuite au Chili et \u00e9tudie la jonglerie, l&rsquo;acrobatie et l&rsquo;art clownesque au Circo del mundo. C&rsquo;est \u00e0 cette \u00e9poque qu&rsquo;il cr\u00e9e son premier num\u00e9ro de clown, Mosca Hijo, un num\u00e9ro de clown et de manipulation d&rsquo;objets. Puis il voyage en Europe et approfondit le monde du clown avec des ma\u00eetres comme Ciscu Margenat, Marina Barbera, Johnny Melville, Jango Edwards, Jos\u00e9 Piris, Lolo Fern\u00e1ndez, Hayde Banales, Luisa Gaillard, Gabriel Cham\u00e9.<\/p>\n<p>Elle conna\u00eet \u00e9galement le Taller de Marionetas de Pepe Otal \u00e0 Barcelone o\u00f9 elle r\u00e9alise ses premi\u00e8res cr\u00e9ations de marionnettes avec la technique de la manipulation directe, cr\u00e9ant des spectacles tels que Roselio, Rosemarie et Malcolm. Elle cr\u00e9e \u00e9galement les spectacles de clowns La Pose\u00edda, El Roy de Extra\u00f1a.<\/p>\n<p>L&rsquo;union avec les marionnettes, le clown et le cirque l&rsquo;a amen\u00e9e \u00e0 cr\u00e9er le spectacle de rue Transformaci\u00f3n. Avec ce spectacle, elle a parcouru l&rsquo;Europe, l&rsquo;Asie et l&rsquo;Am\u00e9rique dans d&rsquo;importants festivals de cirque et de marionnettes.<\/p>\n<p>Elle travaille actuellement sur son spectacle en salle Dualit\u00e9 et avec la compagnie Twisted Fairground. Installation artistique et th\u00e9\u00e2trale.<\/p>\n<\/div>\n<p><!--more--><br \/>\n<!-- {\"type\":\"layout\",\"children\":[{\"type\":\"section\",\"props\":{\"image_position\":\"center-center\",\"style\":\"default\",\"title_breakpoint\":\"xl\",\"title_position\":\"top-left\",\"title_rotation\":\"left\",\"vertical_align\":\"middle\",\"width\":\"default\"},\"children\":[{\"type\":\"row\",\"children\":[{\"type\":\"column\",\"props\":{\"image_position\":\"center-center\",\"position_sticky_breakpoint\":\"m\"},\"children\":[{\"type\":\"headline\",\"props\":{\"title_element\":\"h1\"},\"source\":{\"query\":{\"name\":\"pages.singlePage\"},\"props\":{\"content\":{\"filters\":{\"search\":\"\"},\"name\":\"title\"}}}},{\"type\":\"divider\",\"props\":{\"divider_element\":\"hr\",\"divider_style\":\"small\"}}]}]},{\"type\":\"row\",\"props\":{\"layout\":\"1-2,1-2\"},\"children\":[{\"type\":\"column\",\"props\":{\"image_position\":\"center-center\",\"position_sticky_breakpoint\":\"m\",\"width_medium\":\"1-2\"},\"children\":[{\"type\":\"image\",\"props\":{\"image\":\"wp-content\\\/uploads\\\/2023\\\/12\\\/fotos-galeria-desparpajo-clown-03-1.jpg\",\"image_svg_color\":\"emphasis\",\"margin\":\"default\"}}]},{\"type\":\"column\",\"props\":{\"image_position\":\"center-center\",\"position_sticky_breakpoint\":\"m\",\"width_medium\":\"1-2\"},\"children\":[{\"type\":\"headline\",\"props\":{\"content\":\"MAR\\u00cdA AZUCENA\",\"title_element\":\"h2\"}},{\"type\":\"text\",\"props\":{\"column_breakpoint\":\"m\",\"content\":\"\n\n<p>Elle a \\u00e9tudi\\u00e9 le th\\u00e9\\u00e2tre \\u00e0 l'Escuela Nacional de Arte de la Habana (Cuba).<\\\/p>\",\"margin\":\"default\",\"text_style\":\"lead\"}},{\"type\":\"text\",\"props\":{\"column_breakpoint\":\"m\",\"content\":\"\n\n<p>Elle se rend \\u00e0 Buenos Aires et \\u00e9tudie le th\\u00e9\\u00e2tre et les marionnettes \\u00e0 l'\\u00e9cole Avellaneda. C'est l\\u00e0 qu'il commence sa relation avec la marionnette et la manipulation d'objets.<\\\/p>\\n\n\n<p>Elle retourne ensuite au Chili et \\u00e9tudie la jonglerie, l'acrobatie et l'art clownesque au Circo del mundo. C'est \\u00e0 cette \\u00e9poque qu'il cr\\u00e9e son premier num\\u00e9ro de clown, Mosca Hijo, un num\\u00e9ro de clown et de manipulation d'objets. Puis il voyage en Europe et approfondit le monde du clown avec des ma\\u00eetres comme Ciscu Margenat, Marina Barbera, Johnny Melville, Jango Edwards, Jos\\u00e9 Piris, Lolo Fern\\u00e1ndez, Hayde Banales, Luisa Gaillard, Gabriel Cham\\u00e9.<\\\/p>\\n\n\n<p>Elle conna\\u00eet \\u00e9galement le Taller de Marionetas de Pepe Otal \\u00e0 Barcelone o\\u00f9 elle r\\u00e9alise ses premi\\u00e8res cr\\u00e9ations de marionnettes avec la technique de la manipulation directe, cr\\u00e9ant des spectacles tels que Roselio, Rosemarie et Malcolm. Elle cr\\u00e9e \\u00e9galement les spectacles de clowns La Pose\\u00edda, El Roy de Extra\\u00f1a.<\\\/p>\\n\n\n<p>L'union avec les marionnettes, le clown et le cirque l'a amen\\u00e9e \\u00e0 cr\\u00e9er le spectacle de rue Transformaci\\u00f3n. Avec ce spectacle, elle a parcouru l'Europe, l'Asie et l'Am\\u00e9rique dans d'importants festivals de cirque et de marionnettes.<\\\/p>\\n\n\n<p>Elle travaille actuellement sur son spectacle en salle Dualit\\u00e9 et avec la compagnie Twisted Fairground. Installation artistique et th\\u00e9\\u00e2trale.<\\\/p>\",\"dropcap\":false,\"margin\":\"default\"}}]}]}]}],\"version\":\"4.2.11\"} --><\/p>\n","protected":false},"excerpt":{"rendered":"<p>MAR\u00cdA AZUCENA Elle a \u00e9tudi\u00e9 le th\u00e9\u00e2tre \u00e0 l&rsquo;Escuela Nacional de Arte de la Habana (Cuba). Elle se rend \u00e0 Buenos Aires et \u00e9tudie le th\u00e9\u00e2tre et les marionnettes \u00e0 l&rsquo;\u00e9cole Avellaneda. C&rsquo;est l\u00e0 qu&rsquo;il commence sa relation avec la marionnette et la manipulation d&rsquo;objets. Elle retourne ensuite au Chili et \u00e9tudie la jonglerie, l&rsquo;acrobatie [&hellip;]<\/p>\n","protected":false},"author":1,"featured_media":0,"parent":0,"menu_order":0,"comment_status":"closed","ping_status":"closed","template":"","meta":{"footnotes":""},"class_list":["post-422","page","type-page","status-publish","hentry"],"acf":[],"_links":{"self":[{"href":"https:\/\/desparpajoclown.es\/fr\/wp-json\/wp\/v2\/pages\/422","targetHints":{"allow":["GET"]}}],"collection":[{"href":"https:\/\/desparpajoclown.es\/fr\/wp-json\/wp\/v2\/pages"}],"about":[{"href":"https:\/\/desparpajoclown.es\/fr\/wp-json\/wp\/v2\/types\/page"}],"author":[{"embeddable":true,"href":"https:\/\/desparpajoclown.es\/fr\/wp-json\/wp\/v2\/users\/1"}],"replies":[{"embeddable":true,"href":"https:\/\/desparpajoclown.es\/fr\/wp-json\/wp\/v2\/comments?post=422"}],"version-history":[{"count":2,"href":"https:\/\/desparpajoclown.es\/fr\/wp-json\/wp\/v2\/pages\/422\/revisions"}],"predecessor-version":[{"id":507,"href":"https:\/\/desparpajoclown.es\/fr\/wp-json\/wp\/v2\/pages\/422\/revisions\/507"}],"wp:attachment":[{"href":"https:\/\/desparpajoclown.es\/fr\/wp-json\/wp\/v2\/media?parent=422"}],"curies":[{"name":"wp","href":"https:\/\/api.w.org\/{rel}","templated":true}]}}