{"id":429,"date":"2023-10-06T07:04:06","date_gmt":"2023-10-06T07:04:06","guid":{"rendered":"https:\/\/desparpajoclown.es\/espectaculos\/dualite\/"},"modified":"2023-12-28T18:24:03","modified_gmt":"2023-12-28T18:24:03","slug":"dualite","status":"publish","type":"page","link":"https:\/\/desparpajoclown.es\/fr\/spectacles\/dualite\/","title":{"rendered":"Dualit\u00e9"},"content":{"rendered":"<div>\n<p>Dualit\u00e9 ~ Rosemarie et Malcolm. Un spectacle captivant qui parle du conflit \u00e9motionnel int\u00e9rieur et ext\u00e9rieur de Rosemarie.<\/p>\n<p>Le yin\/yang de sa double personnalit\u00e9 excentrique. Ces luttes ridicules nous entra\u00eenent dans un voyage comique fantastiquement absurde qui constitue une belle enqu\u00eate sans jugement sur le genre, la fa\u00e7on dont nous nous pr\u00e9sentons au monde ext\u00e9rieur et la mani\u00e8re dont nous nous identifions au masculin et au f\u00e9minin.<\/p>\n<p>L&rsquo;union et le d\u00e9s\u00e9quilibre au sein d&rsquo;une personne et de nous tous.<\/p>\n<p>C&rsquo;est un spectacle qui fusionne le th\u00e9\u00e2tre physique, le clown et les marionnettes.<\/p>\n<p>C&rsquo;est un spectacle sans texte.<\/p>\n<p><strong>Ce spectacle est en cours de cr\u00e9ation.<\/strong><\/p>\n<\/div>\n<h3>Sp\u00e9cifications techniques<\/h3>\n<div>\n<p><strong>Espace<\/strong> : 5m x 5m x 5m.<br \/><strong>Temps de montage<\/strong> : 50 min.<br \/><strong>Temps de d\u00e9montage<\/strong> : 50 min.<br \/><strong>Langue<\/strong> : Spectacle sans texte<br \/><strong>Technique<\/strong> : Clown et objets<br \/><strong>Dur\u00e9e<\/strong> : 50 min.<br \/><strong>Spectacle<\/strong> : A partir de 15 ans.<\/p>\n<\/div>\n<p><iframe src=\"\/%20https:\/youtu.be\/W1NFXAWGNUQ?si=C3xjwlLzAsxMJksg\"><\/iframe><\/p>\n<h3>Galerie d&rsquo;images<\/p>\n<div id=\"simple-translate\" class=\"simple-translate-system-theme\">\n<div>\n<div style=\"background-image: url('moz-extension:\/\/f7f9ff60-5cc6-41a0-ab3f-c66f60bbc0c6\/icons\/512.png'); height: 22px; width: 22px; top: 27px; left: 65px;\" class=\"simple-translate-button isShow\"><\/div>\n<div class=\"simple-translate-panel \" style=\"width: 300px; height: 200px; top: 0px; left: 0px; font-size: 13px;\">\n<div class=\"simple-translate-result-wrapper\" style=\"overflow: hidden;\">\n<div class=\"simple-translate-move\" draggable=\"true\"><\/div>\n<div class=\"simple-translate-result-contents\">\n<p class=\"simple-translate-result\" dir=\"auto\">\n<p class=\"simple-translate-candidate\" dir=\"auto\">\n<\/div>\n<\/div>\n<\/div>\n<\/div>\n<\/div>\n<\/h3>\n<ul>\n<li>\n<p>        <img decoding=\"async\" src=\"\/wp-content\/uploads\/2023\/11\/rosemarie-and-malcom-scaled.jpg\" alt=\"\"><\/p>\n<\/li>\n<li>\n<p>        <img decoding=\"async\" src=\"\/wp-content\/uploads\/2023\/12\/dualite-1-scaled.jpg\" alt=\"\"><\/p>\n<\/li>\n<li>\n<p>        <img decoding=\"async\" src=\"\/wp-content\/uploads\/2023\/12\/rosemarie-and-malcom-16-scaled.jpg\" alt=\"\"><\/p>\n<\/li>\n<\/ul>\n<p><!--more--><br \/>\n<!-- {\"type\":\"layout\",\"children\":[{\"type\":\"section\",\"props\":{\"image_position\":\"center-center\",\"style\":\"default\",\"title_breakpoint\":\"xl\",\"title_position\":\"top-left\",\"title_rotation\":\"left\",\"vertical_align\":\"middle\",\"width\":\"default\"},\"children\":[{\"type\":\"row\",\"props\":{\"layout\":\"1-2,1-2\"},\"children\":[{\"type\":\"column\",\"props\":{\"image_position\":\"center-center\",\"position_sticky_breakpoint\":\"m\",\"width_medium\":\"1-2\"},\"children\":[{\"type\":\"headline\",\"props\":{\"title_element\":\"h1\"},\"source\":{\"query\":{\"name\":\"pages.singlePage\"},\"props\":{\"content\":{\"filters\":{\"search\":\"\"},\"name\":\"title\"}}}},{\"type\":\"text\",\"props\":{\"column_breakpoint\":\"m\",\"content\":\"\n\n<p>Dualit\\u00e9 ~ Rosemarie et Malcolm. Un spectacle captivant qui parle du conflit \\u00e9motionnel int\\u00e9rieur et ext\\u00e9rieur de Rosemarie.<\\\/p>\\n\n\n<p>Le yin\\\/yang de sa double personnalit\\u00e9 excentrique. Ces luttes ridicules nous entra\\u00eenent dans un voyage comique fantastiquement absurde qui constitue une belle enqu\\u00eate sans jugement sur le genre, la fa\\u00e7on dont nous nous pr\\u00e9sentons au monde ext\\u00e9rieur et la mani\\u00e8re dont nous nous identifions au masculin et au f\\u00e9minin.<\\\/p>\\n\n\n<p>L'union et le d\\u00e9s\\u00e9quilibre au sein d'une personne et de nous tous.<\\\/p>\\n\n\n<p>C'est un spectacle qui fusionne le th\\u00e9\\u00e2tre physique, le clown et les marionnettes.<\\\/p>\\n\n\n<p>C'est un spectacle sans texte.<\\\/p>\\n\n\n<p><strong>Ce spectacle est en cours de cr\\u00e9ation.<\\\/strong><\\\/p>\",\"margin\":\"default\"}},{\"type\":\"headline\",\"props\":{\"content\":\"Sp\\u00e9cifications techniques\",\"title_element\":\"h3\"}},{\"type\":\"text\",\"props\":{\"column_breakpoint\":\"m\",\"content\":\"\n\n<p><strong>Espace<\\\/strong> : 5m x 5m x 5m.<br \\\/><strong>Temps de montage<\\\/strong> : 50 min.<br \\\/><strong>Temps de d\\u00e9montage<\\\/strong> : 50 min.<br \\\/><strong>Langue<\\\/strong> : Spectacle sans texte<br \\\/><strong>Technique<\\\/strong> : Clown et objets<br \\\/><strong>Dur\\u00e9e<\\\/strong> : 50 min.<br \\\/><strong>Spectacle<\\\/strong> : A partir de 15 ans.<\\\/p>\",\"margin\":\"default\"}}]},{\"type\":\"column\",\"props\":{\"image_position\":\"center-center\",\"position_sticky_breakpoint\":\"m\",\"width_medium\":\"1-2\"},\"children\":[{\"type\":\"image\",\"props\":{\"image_svg_color\":\"emphasis\",\"margin\":\"default\"},\"source\":{\"query\":{\"name\":\"pages.singlePage\"},\"props\":{\"image\":{\"filters\":{\"search\":\"\"},\"name\":\"featuredImage.url\"}}}}]}]},{\"type\":\"row\",\"children\":[{\"type\":\"column\",\"props\":{\"image_position\":\"center-center\",\"position_sticky_breakpoint\":\"m\"},\"children\":[{\"type\":\"video\",\"props\":{\"margin\":\"default\",\"video\":\" https:\\\/\\\/youtu.be\\\/W1NFXAWGNUQ?si=C3xjwlLzAsxMJksg\",\"video_controls\":true,\"video_height\":\"1080\",\"video_width\":\"1920\"}}]}]}]},{\"type\":\"section\",\"props\":{\"height\":\"full\",\"image_position\":\"center-center\",\"image_size\":\"cover\",\"media_background\":\"rgba(0, 0, 0, 0)\",\"media_overlay\":\"rgba(0, 0, 0, 0.66)\",\"style\":\"default\",\"text_color\":\"light\",\"title_breakpoint\":\"xl\",\"title_position\":\"top-left\",\"title_rotation\":\"left\",\"vertical_align\":\"middle\",\"width\":\"default\"},\"children\":[{\"type\":\"row\",\"children\":[{\"type\":\"column\",\"props\":{\"image_position\":\"center-center\",\"position_sticky_breakpoint\":\"m\"},\"children\":[{\"type\":\"headline\",\"props\":{\"content\":\"Galerie d'images\\n\n\n<div id=\\\"simple-translate\\\" class=\\\"simple-translate-system-theme\\\">\\n\n\n<div>\\n\n\n<div style=\\\"background-image: url('moz-extension:\\\/\\\/f7f9ff60-5cc6-41a0-ab3f-c66f60bbc0c6\\\/icons\\\/512.png'); height: 22px; width: 22px; top: 27px; left: 65px;\\\" class=\\\"simple-translate-button isShow\\\"><\\\/div>\\n\n\n<div class=\\\"simple-translate-panel \\\" style=\\\"width: 300px; height: 200px; top: 0px; left: 0px; font-size: 13px;\\\">\\n\n\n<div class=\\\"simple-translate-result-wrapper\\\" style=\\\"overflow: hidden;\\\">\\n\n\n<div class=\\\"simple-translate-move\\\" draggable=\\\"true\\\"><\\\/div>\\n\n\n<div class=\\\"simple-translate-result-contents\\\">\\n\n\n<p class=\\\"simple-translate-result\\\" dir=\\\"auto\\\"><\\\/p>\\n\n\n<p class=\\\"simple-translate-candidate\\\" dir=\\\"auto\\\"><\\\/p>\\n<\\\/div>\\n<\\\/div>\\n<\\\/div>\\n<\\\/div>\\n<\\\/div>\",\"title_element\":\"h3\"}},{\"type\":\"gallery\",\"props\":{\"filter_align\":\"left\",\"filter_all\":true,\"filter_grid_breakpoint\":\"m\",\"filter_grid_width\":\"auto\",\"filter_position\":\"top\",\"filter_style\":\"tab\",\"grid_default\":\"1\",\"grid_medium\":\"3\",\"item_animation\":true,\"link_style\":\"default\",\"link_text\":\"Read more\",\"margin\":\"default\",\"meta_align\":\"below-title\",\"meta_element\":\"div\",\"meta_style\":\"text-meta\",\"overlay_hover\":true,\"overlay_mode\":\"cover\",\"overlay_position\":\"center\",\"overlay_style\":\"overlay-primary\",\"overlay_transition\":\"fade\",\"show_content\":true,\"show_hover_image\":true,\"show_link\":true,\"show_meta\":true,\"show_title\":true,\"text_align\":\"center\",\"text_color\":\"light\",\"title_element\":\"h3\",\"title_hover_style\":\"reset\"},\"children\":[{\"type\":\"gallery_item\",\"props\":{\"image\":\"wp-content\\\/uploads\\\/2023\\\/11\\\/rosemarie-and-malcom-scaled.jpg\"}},{\"type\":\"gallery_item\",\"props\":{\"image\":\"wp-content\\\/uploads\\\/2023\\\/12\\\/dualite-1-scaled.jpg\"}},{\"type\":\"gallery_item\",\"props\":{\"image\":\"wp-content\\\/uploads\\\/2023\\\/12\\\/rosemarie-and-malcom-16-scaled.jpg\"}}]}]}]}],\"source\":{\"query\":{\"name\":\"pages.singlePage\"},\"props\":{\"image\":{\"filters\":{\"search\":\"\"},\"name\":\"featuredImage.url\"}}}}],\"version\":\"4.2.11\"} --><\/p>\n","protected":false},"excerpt":{"rendered":"<p>Dualit\u00e9 ~ Rosemarie et Malcolm. Un spectacle captivant qui parle du conflit \u00e9motionnel int\u00e9rieur et ext\u00e9rieur de Rosemarie. Le yin\/yang de sa double personnalit\u00e9 excentrique. Ces luttes ridicules nous entra\u00eenent dans un voyage comique fantastiquement absurde qui constitue une belle enqu\u00eate sans jugement sur le genre, la fa\u00e7on dont nous nous pr\u00e9sentons au monde ext\u00e9rieur [&hellip;]<\/p>\n","protected":false},"author":1,"featured_media":402,"parent":427,"menu_order":0,"comment_status":"closed","ping_status":"closed","template":"","meta":{"footnotes":""},"class_list":["post-429","page","type-page","status-publish","has-post-thumbnail","hentry"],"acf":[],"_links":{"self":[{"href":"https:\/\/desparpajoclown.es\/fr\/wp-json\/wp\/v2\/pages\/429","targetHints":{"allow":["GET"]}}],"collection":[{"href":"https:\/\/desparpajoclown.es\/fr\/wp-json\/wp\/v2\/pages"}],"about":[{"href":"https:\/\/desparpajoclown.es\/fr\/wp-json\/wp\/v2\/types\/page"}],"author":[{"embeddable":true,"href":"https:\/\/desparpajoclown.es\/fr\/wp-json\/wp\/v2\/users\/1"}],"replies":[{"embeddable":true,"href":"https:\/\/desparpajoclown.es\/fr\/wp-json\/wp\/v2\/comments?post=429"}],"version-history":[{"count":3,"href":"https:\/\/desparpajoclown.es\/fr\/wp-json\/wp\/v2\/pages\/429\/revisions"}],"predecessor-version":[{"id":531,"href":"https:\/\/desparpajoclown.es\/fr\/wp-json\/wp\/v2\/pages\/429\/revisions\/531"}],"up":[{"embeddable":true,"href":"https:\/\/desparpajoclown.es\/fr\/wp-json\/wp\/v2\/pages\/427"}],"wp:featuredmedia":[{"embeddable":true,"href":"https:\/\/desparpajoclown.es\/fr\/wp-json\/wp\/v2\/media\/402"}],"wp:attachment":[{"href":"https:\/\/desparpajoclown.es\/fr\/wp-json\/wp\/v2\/media?parent=429"}],"curies":[{"name":"wp","href":"https:\/\/api.w.org\/{rel}","templated":true}]}}