{"id":431,"date":"2023-10-09T15:16:08","date_gmt":"2023-10-09T15:16:08","guid":{"rendered":"https:\/\/desparpajoclown.es\/espectaculos\/el-roy-de-extrana\/"},"modified":"2023-12-28T18:26:30","modified_gmt":"2023-12-28T18:26:30","slug":"el-roy-de-extrana","status":"publish","type":"page","link":"https:\/\/desparpajoclown.es\/fr\/spectacles\/el-roy-de-extrana\/","title":{"rendered":"El Roy de Extra\u00f1a"},"content":{"rendered":"<div>\n<p>Num\u00e9ro de bouffon<\/p>\n<p>Ce num\u00e9ro a \u00e9t\u00e9 cr\u00e9\u00e9 en 2011 sur la Plaza Catalu\u00f1a lors du mouvement social 15M.<\/p>\n<p>El Roy de Extra\u00f1a est une critique humoristique de la vie des rois en Europe.<\/p>\n<p>Il est n\u00e9 du besoin de Desparpajo de parler des gens qui ont du pouvoir, orn\u00e9s de bijoux et de statut social&#8230;<\/p>\n<\/div>\n<h3>Sp\u00e9cifications techniques<\/h3>\n<div>\n<p><strong>Espace<\/strong> : 5m x 5m x 5m.<br \/><strong>Temps de montage<\/strong> : 5 min.<br \/><strong>Temps de d\u00e9montage<\/strong> : 5 min.<br \/><strong>Langue<\/strong> : Spectacle en espagnol.<br \/><strong>Technique<\/strong> : Clown et objets.<br \/><strong>Dur\u00e9e<\/strong> : 10 min : 10 min.<br \/><strong>Spectacle<\/strong> : Num\u00e9ro de cabaret. Clown et bouffon.<\/p>\n<\/div>\n<p><!--more--><br \/>\n<!-- {\"type\":\"layout\",\"children\":[{\"type\":\"section\",\"props\":{\"image_position\":\"center-center\",\"style\":\"default\",\"title_breakpoint\":\"xl\",\"title_position\":\"top-left\",\"title_rotation\":\"left\",\"vertical_align\":\"middle\",\"width\":\"default\"},\"children\":[{\"type\":\"row\",\"props\":{\"layout\":\"1-2,1-2\"},\"children\":[{\"type\":\"column\",\"props\":{\"image_position\":\"center-center\",\"position_sticky_breakpoint\":\"m\",\"width_medium\":\"1-2\"},\"children\":[{\"type\":\"headline\",\"props\":{\"title_element\":\"h1\"},\"source\":{\"query\":{\"name\":\"pages.singlePage\"},\"props\":{\"content\":{\"filters\":{\"search\":\"\"},\"name\":\"title\"}}}},{\"type\":\"text\",\"props\":{\"column_breakpoint\":\"m\",\"content\":\"\n\n<p>Num\\u00e9ro de bouffon<\\\/p>\\n\n\n<p>Ce num\\u00e9ro a \\u00e9t\\u00e9 cr\\u00e9\\u00e9 en 2011 sur la Plaza Catalu\\u00f1a lors du mouvement social 15M.<\\\/p>\\n\n\n<p>El Roy de Extra\\u00f1a est une critique humoristique de la vie des rois en Europe.<\\\/p>\\n\n\n<p>Il est n\\u00e9 du besoin de Desparpajo de parler des gens qui ont du pouvoir, orn\\u00e9s de bijoux et de statut social...<\\\/p>\",\"margin\":\"default\"}},{\"type\":\"headline\",\"props\":{\"content\":\"Sp\\u00e9cifications techniques\",\"title_element\":\"h3\"}},{\"type\":\"text\",\"props\":{\"column_breakpoint\":\"m\",\"content\":\"\n\n<p><strong>Espace<\\\/strong> : 5m x 5m x 5m.<br \\\/><strong>Temps de montage<\\\/strong> : 5 min.<br \\\/><strong>Temps de d\\u00e9montage<\\\/strong> : 5 min.<br \\\/><strong>Langue<\\\/strong> : Spectacle en espagnol.<br \\\/><strong>Technique<\\\/strong> : Clown et objets.<br \\\/><strong>Dur\\u00e9e<\\\/strong> : 10 min : 10 min.<br \\\/><strong>Spectacle<\\\/strong> : Num\\u00e9ro de cabaret. Clown et bouffon.<\\\/p>\",\"margin\":\"default\"}}]},{\"type\":\"column\",\"props\":{\"image_position\":\"center-center\",\"position_sticky_breakpoint\":\"m\",\"width_medium\":\"1-2\"},\"children\":[{\"type\":\"image\",\"props\":{\"image_svg_color\":\"emphasis\",\"margin\":\"default\"},\"source\":{\"query\":{\"name\":\"pages.singlePage\"},\"props\":{\"image\":{\"filters\":{\"search\":\"\"},\"name\":\"featuredImage.url\"}}}}]}]}]},{\"type\":\"section\",\"props\":{\"image_position\":\"center-center\",\"image_size\":\"cover\",\"media_background\":\"rgba(0, 0, 0, 0)\",\"media_overlay\":\"rgba(0, 0, 0, 0.66)\",\"status\":\"disabled\",\"style\":\"default\",\"title_breakpoint\":\"xl\",\"title_position\":\"top-left\",\"title_rotation\":\"left\",\"vertical_align\":\"middle\",\"width\":\"default\"},\"children\":[{\"type\":\"row\",\"children\":[{\"type\":\"column\",\"props\":{\"image_position\":\"center-center\",\"position_sticky_breakpoint\":\"m\"},\"children\":[{\"type\":\"headline\",\"props\":{\"content\":\"Galer\\u00eda de im\\u00e1genes\",\"title_element\":\"h3\"}},{\"type\":\"gallery\",\"props\":{\"filter_align\":\"left\",\"filter_all\":true,\"filter_grid_breakpoint\":\"m\",\"filter_grid_width\":\"auto\",\"filter_position\":\"top\",\"filter_style\":\"tab\",\"grid_default\":\"1\",\"grid_medium\":\"3\",\"item_animation\":true,\"link_style\":\"default\",\"link_text\":\"Read more\",\"margin\":\"default\",\"meta_align\":\"below-title\",\"meta_element\":\"div\",\"meta_style\":\"text-meta\",\"overlay_hover\":true,\"overlay_mode\":\"cover\",\"overlay_position\":\"center\",\"overlay_style\":\"overlay-primary\",\"overlay_transition\":\"fade\",\"show_content\":true,\"show_hover_image\":true,\"show_link\":true,\"show_meta\":true,\"show_title\":true,\"text_align\":\"center\",\"text_color\":\"light\",\"title_element\":\"h3\",\"title_hover_style\":\"reset\"}}]}]}],\"source\":{\"query\":{\"name\":\"pages.singlePage\"},\"props\":{\"image\":{\"filters\":{\"search\":\"\"},\"name\":\"featuredImage.url\"}}}}],\"version\":\"4.2.11\"} --><\/p>\n","protected":false},"excerpt":{"rendered":"<p>Num\u00e9ro de bouffon Ce num\u00e9ro a \u00e9t\u00e9 cr\u00e9\u00e9 en 2011 sur la Plaza Catalu\u00f1a lors du mouvement social 15M. El Roy de Extra\u00f1a est une critique humoristique de la vie des rois en Europe. Il est n\u00e9 du besoin de Desparpajo de parler des gens qui ont du pouvoir, orn\u00e9s de bijoux et de statut [&hellip;]<\/p>\n","protected":false},"author":1,"featured_media":104,"parent":427,"menu_order":0,"comment_status":"closed","ping_status":"closed","template":"","meta":{"footnotes":""},"class_list":["post-431","page","type-page","status-publish","has-post-thumbnail","hentry"],"acf":[],"_links":{"self":[{"href":"https:\/\/desparpajoclown.es\/fr\/wp-json\/wp\/v2\/pages\/431","targetHints":{"allow":["GET"]}}],"collection":[{"href":"https:\/\/desparpajoclown.es\/fr\/wp-json\/wp\/v2\/pages"}],"about":[{"href":"https:\/\/desparpajoclown.es\/fr\/wp-json\/wp\/v2\/types\/page"}],"author":[{"embeddable":true,"href":"https:\/\/desparpajoclown.es\/fr\/wp-json\/wp\/v2\/users\/1"}],"replies":[{"embeddable":true,"href":"https:\/\/desparpajoclown.es\/fr\/wp-json\/wp\/v2\/comments?post=431"}],"version-history":[{"count":3,"href":"https:\/\/desparpajoclown.es\/fr\/wp-json\/wp\/v2\/pages\/431\/revisions"}],"predecessor-version":[{"id":532,"href":"https:\/\/desparpajoclown.es\/fr\/wp-json\/wp\/v2\/pages\/431\/revisions\/532"}],"up":[{"embeddable":true,"href":"https:\/\/desparpajoclown.es\/fr\/wp-json\/wp\/v2\/pages\/427"}],"wp:featuredmedia":[{"embeddable":true,"href":"https:\/\/desparpajoclown.es\/fr\/wp-json\/wp\/v2\/media\/104"}],"wp:attachment":[{"href":"https:\/\/desparpajoclown.es\/fr\/wp-json\/wp\/v2\/media?parent=431"}],"curies":[{"name":"wp","href":"https:\/\/api.w.org\/{rel}","templated":true}]}}