{"id":433,"date":"2023-10-06T07:04:34","date_gmt":"2023-10-06T07:04:34","guid":{"rendered":"https:\/\/desparpajoclown.es\/espectaculos\/mosca-hijo\/"},"modified":"2023-12-28T18:19:20","modified_gmt":"2023-12-28T18:19:20","slug":"mosca-hijo","status":"publish","type":"page","link":"https:\/\/desparpajoclown.es\/fr\/spectacles\/mosca-hijo\/","title":{"rendered":"Mosca Hijo"},"content":{"rendered":"<div>\n<p>Num\u00e9ro de clown<\/p>\n<p>C&rsquo;est le premier num\u00e9ro de la trilogie \u00ab\u00a0La Mosca\u00a0\u00bb, il a \u00e9t\u00e9 cr\u00e9\u00e9 au Chili en 2008, avec la compagnie Circo a la Maleta.<\/p>\n<p>Tout commence avec son obsession pour le nettoyage, pendant qu&rsquo;elle nettoie, ses \u00e9tranges parano\u00efas la font tomber dans des situations inhabituelles et contradictoires, \u00e0 tel point qu&rsquo;elle entretient une relation myst\u00e9rieuse avec les mouches&#8230;<\/p>\n<p>Ce spectacle a remport\u00e9 la premi\u00e8re place du concours \u00ab\u00a0Spectacles de petit format\u00a0\u00bb Carabanchel en Escena, qui s&rsquo;est tenu en 2015 \u00e0 Madrid, en Espagne.<\/p>\n<\/div>\n<h3> Sp\u00e9cifications techniques <\/h3>\n<div>\n<p><strong>Espace<\/strong> : 5m x 5m x 5m<br \/><strong>Langue<\/strong> : Spectacle sans texte<br \/><strong>Technique<\/strong> : Clown et objets<br \/><strong>Dur\u00e9e<\/strong> : 10 min.<br \/><strong>Spectacle<\/strong> : Num\u00e9ro de clown<\/p>\n<\/div>\n<p><iframe src=\"https:\/\/youtu.be\/euU4qryoScs?si=nNwGHwoz_SW7t0h6\"><\/iframe><\/p>\n<h3>Galerie d&rsquo;images<\/h3>\n<ul>\n<li>\n<p>        <img decoding=\"async\" src=\"\/wp-content\/uploads\/2023\/12\/la-mosca-hijo-01.jpg\" alt=\"\"><\/p>\n<h3>la-mosca-hijo-01<\/h3>\n<\/li>\n<li>\n<p>        <img decoding=\"async\" src=\"\/wp-content\/uploads\/2023\/12\/la-mosca-hijo-02.jpg\" alt=\"\"><\/p>\n<h3>la-mosca-hijo-02<\/h3>\n<\/li>\n<li>\n<p>        <img decoding=\"async\" src=\"\/wp-content\/uploads\/2023\/12\/la-mosca-hijo-03.jpg\" alt=\"\"><\/p>\n<h3>la-mosca-hijo-03<\/h3>\n<\/li>\n<li>\n<p>        <img decoding=\"async\" src=\"\/wp-content\/uploads\/2023\/12\/la-mosca-hijo-05.jpg\" alt=\"\"><\/p>\n<h3>la-mosca-hijo-05<\/h3>\n<\/li>\n<li>\n<p>        <img decoding=\"async\" src=\"\/wp-content\/uploads\/2023\/12\/la-mosca-hijo-08.jpg\" alt=\"\"><\/p>\n<h3>la-mosca-hijo-08<\/h3>\n<\/li>\n<li>\n<p>        <img decoding=\"async\" src=\"\/wp-content\/uploads\/2023\/12\/la-mosca-hijo-09.jpg\" alt=\"\"><\/p>\n<h3>la-mosca-hijo-09<\/h3>\n<\/li>\n<\/ul>\n<p><!--more--><br \/>\n<!-- {\"type\":\"layout\",\"children\":[{\"type\":\"section\",\"props\":{\"image_position\":\"center-center\",\"style\":\"default\",\"title_breakpoint\":\"xl\",\"title_position\":\"top-left\",\"title_rotation\":\"left\",\"vertical_align\":\"middle\",\"width\":\"default\"},\"children\":[{\"type\":\"row\",\"props\":{\"layout\":\"1-2,1-2\"},\"children\":[{\"type\":\"column\",\"props\":{\"image_position\":\"center-center\",\"position_sticky_breakpoint\":\"m\",\"width_medium\":\"1-2\"},\"children\":[{\"type\":\"headline\",\"props\":{\"title_element\":\"h1\"},\"source\":{\"query\":{\"name\":\"pages.singlePage\"},\"props\":{\"content\":{\"filters\":{\"search\":\"\"},\"name\":\"title\"}}}},{\"type\":\"text\",\"props\":{\"column_breakpoint\":\"m\",\"content\":\"\n\n<p>Num\\u00e9ro de clown<br \\\/><br \\\/>C'est le premier num\\u00e9ro de la trilogie \\\"La Mosca\\\", il a \\u00e9t\\u00e9 cr\\u00e9\\u00e9 au Chili en 2008, avec la compagnie Circo a la Maleta.<br \\\/><br \\\/>Tout commence avec son obsession pour le nettoyage, pendant qu'elle nettoie, ses \\u00e9tranges parano\\u00efas la font tomber dans des situations inhabituelles et contradictoires, \\u00e0 tel point qu'elle entretient une relation myst\\u00e9rieuse avec les mouches...<br \\\/><br \\\/>Ce spectacle a remport\\u00e9 la premi\\u00e8re place du concours \\\"Spectacles de petit format\\\" Carabanchel en Escena, qui s'est tenu en 2015 \\u00e0 Madrid, en Espagne.<\\\/p>\",\"margin\":\"default\"}},{\"type\":\"headline\",\"props\":{\"content\":\" Sp\\u00e9cifications techniques \",\"title_element\":\"h3\"}},{\"type\":\"text\",\"props\":{\"column_breakpoint\":\"m\",\"content\":\"\n\n<p><strong>Espace<\\\/strong> : 5m x 5m x 5m<br \\\/><strong>Langue<\\\/strong> : Spectacle sans texte<br \\\/><strong>Technique<\\\/strong> : Clown et objets<br \\\/><strong>Dur\\u00e9e<\\\/strong> : 10 min.<br \\\/><strong>Spectacle<\\\/strong> : Num\\u00e9ro de clown<\\\/p>\",\"margin\":\"default\"}}]},{\"type\":\"column\",\"props\":{\"image_position\":\"center-center\",\"position_sticky_breakpoint\":\"m\",\"width_medium\":\"1-2\"},\"children\":[{\"type\":\"image\",\"props\":{\"image_svg_color\":\"emphasis\",\"margin\":\"default\"},\"source\":{\"query\":{\"name\":\"pages.singlePage\"},\"props\":{\"image\":{\"filters\":{\"search\":\"\"},\"name\":\"featuredImage.url\"}}}}]}]}]},{\"type\":\"section\",\"props\":{\"image_position\":\"center-center\",\"style\":\"default\",\"title_breakpoint\":\"xl\",\"title_position\":\"top-left\",\"title_rotation\":\"left\",\"vertical_align\":\"middle\",\"width\":\"default\"},\"children\":[{\"type\":\"row\",\"children\":[{\"type\":\"column\",\"props\":{\"image_position\":\"center-center\",\"position_sticky_breakpoint\":\"m\"},\"children\":[{\"type\":\"video\",\"props\":{\"margin\":\"default\",\"video\":\"https:\\\/\\\/youtu.be\\\/euU4qryoScs?si=nNwGHwoz_SW7t0h6\",\"video_controls\":true,\"video_height\":\"1080\",\"video_width\":\"1920\"}}]}]}]},{\"type\":\"section\",\"props\":{\"image_position\":\"center-center\",\"media_background\":\"rgba(0, 0, 0, 0)\",\"media_overlay\":\"rgba(0, 0, 0, 0.66)\",\"style\":\"default\",\"text_color\":\"light\",\"title_breakpoint\":\"xl\",\"title_position\":\"top-left\",\"title_rotation\":\"left\",\"vertical_align\":\"middle\",\"width\":\"default\"},\"children\":[{\"type\":\"row\",\"children\":[{\"type\":\"column\",\"props\":{\"image_position\":\"center-center\",\"position_sticky_breakpoint\":\"m\"},\"children\":[{\"type\":\"headline\",\"props\":{\"content\":\"Galerie d'images\",\"title_element\":\"h3\"}},{\"type\":\"gallery\",\"props\":{\"filter_align\":\"left\",\"filter_all\":true,\"filter_grid_breakpoint\":\"m\",\"filter_grid_width\":\"auto\",\"filter_position\":\"top\",\"filter_style\":\"tab\",\"grid_default\":\"1\",\"grid_masonry\":\"pack\",\"grid_medium\":\"3\",\"image_width\":\"600\",\"item_animation\":true,\"lightbox\":true,\"link_style\":\"default\",\"link_text\":\"\",\"margin\":\"default\",\"meta_align\":\"below-title\",\"meta_element\":\"div\",\"meta_style\":\"text-meta\",\"overlay_hover\":true,\"overlay_link\":true,\"overlay_mode\":\"cover\",\"overlay_position\":\"center\",\"overlay_style\":\"overlay-primary\",\"overlay_transition\":\"fade\",\"show_content\":true,\"show_hover_image\":true,\"show_link\":true,\"show_meta\":true,\"show_title\":false,\"text_align\":\"center\",\"text_color\":\"light\",\"title_element\":\"h3\",\"title_hover_style\":\"reset\"},\"children\":[{\"type\":\"gallery_item\",\"props\":{\"image\":\"wp-content\\\/uploads\\\/2023\\\/12\\\/la-mosca-hijo-01.jpg\",\"title\":\"la-mosca-hijo-01\"}},{\"type\":\"gallery_item\",\"props\":{\"image\":\"wp-content\\\/uploads\\\/2023\\\/12\\\/la-mosca-hijo-02.jpg\",\"title\":\"la-mosca-hijo-02\"}},{\"type\":\"gallery_item\",\"props\":{\"image\":\"wp-content\\\/uploads\\\/2023\\\/12\\\/la-mosca-hijo-03.jpg\",\"title\":\"la-mosca-hijo-03\"}},{\"type\":\"gallery_item\",\"props\":{\"image\":\"wp-content\\\/uploads\\\/2023\\\/12\\\/la-mosca-hijo-05.jpg\",\"title\":\"la-mosca-hijo-05\"}},{\"type\":\"gallery_item\",\"props\":{\"image\":\"wp-content\\\/uploads\\\/2023\\\/12\\\/la-mosca-hijo-08.jpg\",\"title\":\"la-mosca-hijo-08\"}},{\"type\":\"gallery_item\",\"props\":{\"image\":\"wp-content\\\/uploads\\\/2023\\\/12\\\/la-mosca-hijo-09.jpg\",\"title\":\"la-mosca-hijo-09\"}}]}]}]}],\"source\":{\"query\":{\"name\":\"pages.singlePage\"},\"props\":{\"image\":{\"filters\":{\"search\":\"\"},\"name\":\"featuredImage.url\"}}}}],\"version\":\"4.2.11\"} --><\/p>\n","protected":false},"excerpt":{"rendered":"<p>Num\u00e9ro de clown C&rsquo;est le premier num\u00e9ro de la trilogie \u00ab\u00a0La Mosca\u00a0\u00bb, il a \u00e9t\u00e9 cr\u00e9\u00e9 au Chili en 2008, avec la compagnie Circo a la Maleta. Tout commence avec son obsession pour le nettoyage, pendant qu&rsquo;elle nettoie, ses \u00e9tranges parano\u00efas la font tomber dans des situations inhabituelles et contradictoires, \u00e0 tel point qu&rsquo;elle entretient [&hellip;]<\/p>\n","protected":false},"author":1,"featured_media":202,"parent":427,"menu_order":0,"comment_status":"closed","ping_status":"closed","template":"","meta":{"footnotes":""},"class_list":["post-433","page","type-page","status-publish","has-post-thumbnail","hentry"],"acf":[],"_links":{"self":[{"href":"https:\/\/desparpajoclown.es\/fr\/wp-json\/wp\/v2\/pages\/433","targetHints":{"allow":["GET"]}}],"collection":[{"href":"https:\/\/desparpajoclown.es\/fr\/wp-json\/wp\/v2\/pages"}],"about":[{"href":"https:\/\/desparpajoclown.es\/fr\/wp-json\/wp\/v2\/types\/page"}],"author":[{"embeddable":true,"href":"https:\/\/desparpajoclown.es\/fr\/wp-json\/wp\/v2\/users\/1"}],"replies":[{"embeddable":true,"href":"https:\/\/desparpajoclown.es\/fr\/wp-json\/wp\/v2\/comments?post=433"}],"version-history":[{"count":3,"href":"https:\/\/desparpajoclown.es\/fr\/wp-json\/wp\/v2\/pages\/433\/revisions"}],"predecessor-version":[{"id":529,"href":"https:\/\/desparpajoclown.es\/fr\/wp-json\/wp\/v2\/pages\/433\/revisions\/529"}],"up":[{"embeddable":true,"href":"https:\/\/desparpajoclown.es\/fr\/wp-json\/wp\/v2\/pages\/427"}],"wp:featuredmedia":[{"embeddable":true,"href":"https:\/\/desparpajoclown.es\/fr\/wp-json\/wp\/v2\/media\/202"}],"wp:attachment":[{"href":"https:\/\/desparpajoclown.es\/fr\/wp-json\/wp\/v2\/media?parent=433"}],"curies":[{"name":"wp","href":"https:\/\/api.w.org\/{rel}","templated":true}]}}