{"id":435,"date":"2023-10-06T07:05:01","date_gmt":"2023-10-06T07:05:01","guid":{"rendered":"https:\/\/desparpajoclown.es\/espectaculos\/rosemarie-and-malcom\/"},"modified":"2023-12-28T18:17:26","modified_gmt":"2023-12-28T18:17:26","slug":"rosemarie-and-malcom","status":"publish","type":"page","link":"https:\/\/desparpajoclown.es\/fr\/spectacles\/rosemarie-and-malcom\/","title":{"rendered":"Rosemarie and Malcom"},"content":{"rendered":"<div>\n<p>Avec tout son glamour et son \u00e9l\u00e9gance, Rosemarie pr\u00e9sente \u00a0\u00bb Passions \u00ab\u00a0.<\/p>\n<p>On y d\u00e9couvre son c\u00f4t\u00e9 le plus humain et le plus sensible.<\/p>\n<p>Surprenant ses changements de v\u00eatements, sa fa\u00e7on de chanter et sa double personnalit\u00e9&#8230;<\/p>\n<\/div>\n<h3>Sp\u00e9cifications techniques<\/h3>\n<div>\n<p><strong>Espace<\/strong> : 5m x 5m x 5m.<br \/><strong>Temps de montage<\/strong> : 30 min.<br \/><strong>Temps de d\u00e9montage<\/strong> : 30 min.<br \/><strong>Langage<\/strong> : Spectacle sans texte.<br \/><strong>Technique<\/strong> : Clown, objets et manipulation directe.<br \/><strong>Dur\u00e9e<\/strong> : 30 minutes.<br \/><strong>Spectacle<\/strong> : Spectacle de rue. Pour les familles (\u00e0 partir de 3 ans).<\/p>\n<\/div>\n<p><iframe src=\"https:\/\/youtu.be\/Rx-s7K2-SrQ?feature=shared\"><\/iframe><br \/>\n<iframe src=\"https:\/\/youtu.be\/C8mc-_w1av0?si=YKqr2Gg_qzNqJ3FQ\"><\/iframe><\/p>\n<h3>Galerie d\u2019images<\/h3>\n<ul>\n<li>\n<p>        <img decoding=\"async\" src=\"\/wp-content\/uploads\/2023\/12\/rosemarie-and-malcom-05.jpg\" alt=\"\"><\/p>\n<h3>rosemarie-and-malcom-05<\/h3>\n<\/li>\n<li>\n<p>        <img decoding=\"async\" src=\"\/wp-content\/uploads\/2023\/12\/rosemarie-and-malcom-16-scaled.jpg\" alt=\"\"><\/p>\n<h3>rosemarie-and-malcom-16<\/h3>\n<\/li>\n<li>\n<p>        <img decoding=\"async\" src=\"\/wp-content\/uploads\/2023\/12\/rosemarie-and-malcom-08-scaled.jpg\" alt=\"\"><\/p>\n<h3>rosemarie-and-malcom-08<\/h3>\n<\/li>\n<li>\n<p>        <img decoding=\"async\" src=\"\/wp-content\/uploads\/2023\/12\/rosemarie-and-malcom-13-scaled.jpg\" alt=\"\"><\/p>\n<h3>rosemarie-and-malcom-13<\/h3>\n<\/li>\n<li>\n<p>        <img decoding=\"async\" src=\"\/wp-content\/uploads\/2023\/12\/desparpajo-clown-vertical-01.jpg\" alt=\"\"><\/p>\n<h3>desparpajo-clown-vertical-01<\/h3>\n<\/li>\n<li>\n<p>        <img decoding=\"async\" src=\"\/wp-content\/uploads\/2023\/11\/rosemarie-and-malcom-scaled.jpg\" alt=\"\"><\/p>\n<h3>rosemarie-and-malcom<\/h3>\n<\/li>\n<\/ul>\n<p><!--more--><br \/>\n<!-- {\"type\":\"layout\",\"children\":[{\"type\":\"section\",\"props\":{\"image_position\":\"center-center\",\"style\":\"default\",\"title_breakpoint\":\"xl\",\"title_position\":\"top-left\",\"title_rotation\":\"left\",\"vertical_align\":\"middle\",\"width\":\"default\"},\"children\":[{\"type\":\"row\",\"props\":{\"layout\":\"1-2,1-2\"},\"children\":[{\"type\":\"column\",\"props\":{\"image_position\":\"center-center\",\"position_sticky_breakpoint\":\"m\",\"width_medium\":\"1-2\"},\"children\":[{\"type\":\"headline\",\"props\":{\"title_element\":\"h1\"},\"source\":{\"query\":{\"name\":\"pages.singlePage\"},\"props\":{\"content\":{\"filters\":{\"search\":\"\"},\"name\":\"title\"}}}},{\"type\":\"text\",\"props\":{\"column_breakpoint\":\"m\",\"content\":\"\n\n<p>Avec tout son glamour et son \\u00e9l\\u00e9gance, Rosemarie pr\\u00e9sente \\\" Passions \\\".<\\\/p>\\n\n\n<p>On y d\\u00e9couvre son c\\u00f4t\\u00e9 le plus humain et le plus sensible.<\\\/p>\\n\n\n<p>Surprenant ses changements de v\\u00eatements, sa fa\\u00e7on de chanter et sa double personnalit\\u00e9...<\\\/p>\",\"margin\":\"default\"}},{\"type\":\"headline\",\"props\":{\"content\":\"Sp\\u00e9cifications techniques\",\"title_element\":\"h3\"}},{\"type\":\"text\",\"props\":{\"column_breakpoint\":\"m\",\"content\":\"\n\n<p><strong>Espace<\\\/strong> : 5m x 5m x 5m.<br \\\/><strong>Temps de montage<\\\/strong> : 30 min.<br \\\/><strong>Temps de d\\u00e9montage<\\\/strong> : 30 min.<br \\\/><strong>Langage<\\\/strong> : Spectacle sans texte.<br \\\/><strong>Technique<\\\/strong> : Clown, objets et manipulation directe.<br \\\/><strong>Dur\\u00e9e<\\\/strong> : 30 minutes.<br \\\/><strong>Spectacle<\\\/strong> : Spectacle de rue. Pour les familles (\\u00e0 partir de 3 ans).<\\\/p>\",\"margin\":\"default\"}}]},{\"type\":\"column\",\"props\":{\"image_position\":\"center-center\",\"position_sticky_breakpoint\":\"m\",\"width_medium\":\"1-2\"},\"children\":[{\"type\":\"image\",\"props\":{\"image_svg_color\":\"emphasis\",\"margin\":\"default\"},\"source\":{\"query\":{\"name\":\"pages.singlePage\"},\"props\":{\"image\":{\"filters\":{\"search\":\"\"},\"name\":\"featuredImage.url\"},\"image_alt\":{\"filters\":{\"search\":\"\"},\"name\":\"title\"}}}}]}]}]},{\"type\":\"section\",\"props\":{\"image_position\":\"center-center\",\"style\":\"default\",\"title_breakpoint\":\"xl\",\"title_position\":\"top-left\",\"title_rotation\":\"left\",\"vertical_align\":\"middle\",\"width\":\"default\"},\"children\":[{\"type\":\"row\",\"children\":[{\"type\":\"column\",\"props\":{\"image_position\":\"center-center\",\"position_sticky_breakpoint\":\"m\"},\"children\":[{\"type\":\"video\",\"props\":{\"margin\":\"default\",\"video\":\"https:\\\/\\\/youtu.be\\\/Rx-s7K2-SrQ?feature=shared\",\"video_controls\":true,\"video_height\":\"1080\",\"video_width\":\"1920\"}}]}]}]},{\"type\":\"section\",\"props\":{\"image_position\":\"center-center\",\"style\":\"default\",\"title_breakpoint\":\"xl\",\"title_position\":\"top-left\",\"title_rotation\":\"left\",\"vertical_align\":\"middle\",\"width\":\"default\"},\"children\":[{\"type\":\"row\",\"children\":[{\"type\":\"column\",\"props\":{\"image_position\":\"center-center\",\"position_sticky_breakpoint\":\"m\"},\"children\":[{\"type\":\"video\",\"props\":{\"margin\":\"default\",\"video\":\"https:\\\/\\\/youtu.be\\\/C8mc-_w1av0?si=YKqr2Gg_qzNqJ3FQ\",\"video_controls\":true,\"video_height\":\"1080\",\"video_width\":\"1920\"}}]}]}]},{\"type\":\"section\",\"props\":{\"image_position\":\"center-center\",\"media_background\":\"rgba(0, 0, 0, 0)\",\"media_overlay\":\"rgba(0, 0, 0, 0.66)\",\"style\":\"default\",\"text_color\":\"light\",\"title_breakpoint\":\"xl\",\"title_position\":\"top-left\",\"title_rotation\":\"left\",\"vertical_align\":\"middle\",\"width\":\"default\"},\"children\":[{\"type\":\"row\",\"children\":[{\"type\":\"column\",\"props\":{\"image_position\":\"center-center\",\"position_sticky_breakpoint\":\"m\"},\"children\":[{\"type\":\"headline\",\"props\":{\"content\":\"Galerie d\\u2019images\",\"title_element\":\"h3\"}},{\"type\":\"gallery\",\"props\":{\"filter_align\":\"left\",\"filter_all\":true,\"filter_grid_breakpoint\":\"m\",\"filter_grid_width\":\"auto\",\"filter_position\":\"top\",\"filter_style\":\"tab\",\"grid_default\":\"1\",\"grid_masonry\":\"pack\",\"grid_medium\":\"3\",\"image_width\":\"600\",\"item_animation\":true,\"lightbox\":true,\"link_style\":\"default\",\"link_text\":\"\",\"margin\":\"default\",\"meta_align\":\"below-title\",\"meta_element\":\"div\",\"meta_style\":\"text-meta\",\"overlay_hover\":true,\"overlay_link\":true,\"overlay_mode\":\"cover\",\"overlay_position\":\"center\",\"overlay_style\":\"overlay-primary\",\"overlay_transition\":\"fade\",\"show_content\":true,\"show_hover_image\":true,\"show_link\":true,\"show_meta\":true,\"show_title\":false,\"text_align\":\"center\",\"text_color\":\"light\",\"title_element\":\"h3\",\"title_hover_style\":\"reset\"},\"children\":[{\"type\":\"gallery_item\",\"props\":{\"image\":\"wp-content\\\/uploads\\\/2023\\\/12\\\/rosemarie-and-malcom-05.jpg\",\"title\":\"rosemarie-and-malcom-05\"}},{\"type\":\"gallery_item\",\"props\":{\"image\":\"wp-content\\\/uploads\\\/2023\\\/12\\\/rosemarie-and-malcom-16-scaled.jpg\",\"title\":\"rosemarie-and-malcom-16\"}},{\"type\":\"gallery_item\",\"props\":{\"image\":\"wp-content\\\/uploads\\\/2023\\\/12\\\/rosemarie-and-malcom-08-scaled.jpg\",\"title\":\"rosemarie-and-malcom-08\"}},{\"type\":\"gallery_item\",\"props\":{\"image\":\"wp-content\\\/uploads\\\/2023\\\/12\\\/rosemarie-and-malcom-13-scaled.jpg\",\"title\":\"rosemarie-and-malcom-13\"}},{\"type\":\"gallery_item\",\"props\":{\"image\":\"wp-content\\\/uploads\\\/2023\\\/12\\\/desparpajo-clown-vertical-01.jpg\",\"title\":\"desparpajo-clown-vertical-01\"}},{\"type\":\"gallery_item\",\"props\":{\"image\":\"wp-content\\\/uploads\\\/2023\\\/11\\\/rosemarie-and-malcom-scaled.jpg\",\"title\":\"rosemarie-and-malcom\"}}]}]}]}],\"source\":{\"query\":{\"name\":\"pages.singlePage\"},\"props\":{\"image\":{\"filters\":{\"search\":\"\"},\"name\":\"featuredImage.url\"}}}}],\"version\":\"4.2.11\"} --><\/p>\n","protected":false},"excerpt":{"rendered":"<p>Avec tout son glamour et son \u00e9l\u00e9gance, Rosemarie pr\u00e9sente \u00a0\u00bb Passions \u00ab\u00a0. On y d\u00e9couvre son c\u00f4t\u00e9 le plus humain et le plus sensible. Surprenant ses changements de v\u00eatements, sa fa\u00e7on de chanter et sa double personnalit\u00e9&#8230; Sp\u00e9cifications techniques Espace : 5m x 5m x 5m.Temps de montage : 30 min.Temps de d\u00e9montage : 30 [&hellip;]<\/p>\n","protected":false},"author":1,"featured_media":199,"parent":427,"menu_order":0,"comment_status":"closed","ping_status":"closed","template":"","meta":{"footnotes":""},"class_list":["post-435","page","type-page","status-publish","has-post-thumbnail","hentry"],"acf":[],"_links":{"self":[{"href":"https:\/\/desparpajoclown.es\/fr\/wp-json\/wp\/v2\/pages\/435","targetHints":{"allow":["GET"]}}],"collection":[{"href":"https:\/\/desparpajoclown.es\/fr\/wp-json\/wp\/v2\/pages"}],"about":[{"href":"https:\/\/desparpajoclown.es\/fr\/wp-json\/wp\/v2\/types\/page"}],"author":[{"embeddable":true,"href":"https:\/\/desparpajoclown.es\/fr\/wp-json\/wp\/v2\/users\/1"}],"replies":[{"embeddable":true,"href":"https:\/\/desparpajoclown.es\/fr\/wp-json\/wp\/v2\/comments?post=435"}],"version-history":[{"count":3,"href":"https:\/\/desparpajoclown.es\/fr\/wp-json\/wp\/v2\/pages\/435\/revisions"}],"predecessor-version":[{"id":527,"href":"https:\/\/desparpajoclown.es\/fr\/wp-json\/wp\/v2\/pages\/435\/revisions\/527"}],"up":[{"embeddable":true,"href":"https:\/\/desparpajoclown.es\/fr\/wp-json\/wp\/v2\/pages\/427"}],"wp:featuredmedia":[{"embeddable":true,"href":"https:\/\/desparpajoclown.es\/fr\/wp-json\/wp\/v2\/media\/199"}],"wp:attachment":[{"href":"https:\/\/desparpajoclown.es\/fr\/wp-json\/wp\/v2\/media?parent=435"}],"curies":[{"name":"wp","href":"https:\/\/api.w.org\/{rel}","templated":true}]}}