{"id":437,"date":"2023-10-06T07:03:38","date_gmt":"2023-10-06T07:03:38","guid":{"rendered":"https:\/\/desparpajoclown.es\/espectaculos\/transformacion\/"},"modified":"2023-12-28T18:02:58","modified_gmt":"2023-12-28T18:02:58","slug":"transformacion","status":"publish","type":"page","link":"https:\/\/desparpajoclown.es\/fr\/spectacles\/transformacion\/","title":{"rendered":"Transformaci\u00f3n"},"content":{"rendered":"<div>\n<p>Desparpajo subit diff\u00e9rents types de transformations qui mettent \u00e0 l&rsquo;\u00e9preuve son \u00e9quilibre mental et physique. En manipulant des objets, elle fait en sorte que tout prenne plusieurs formes \u00e0 la fois. C&rsquo;est un spectacle qui surprend sans cesse le spectateur.<\/p>\n<\/div>\n<h3>Sp\u00e9cifications techniques<\/h3>\n<div>\n<p><strong>Espace<\/strong> : 5m x 5m x 5m.<br \/><strong>Temps de montage<\/strong> : 30 min.<br \/><strong>Temps de d\u00e9montage<\/strong> : 30 min.<br \/><strong>Langue<\/strong> : Spectacle sans texte.<br \/><strong>Technique<\/strong> : Clown et objets.<br \/><strong>Dur\u00e9e<\/strong> : 45 min.<br \/><strong>Spectacle<\/strong> : Rue. Pour les familles (\u00e0 partir de 3 ans).<\/p>\n<\/div>\n<p><iframe src=\"https:\/\/youtu.be\/OLkg2X0iOyk?si=6V7Fs9kxRJDzCti3\"><\/iframe><\/p>\n<h3>Galerie d&rsquo;images<\/h3>\n<ul>\n<li>\n<p>        <img decoding=\"async\" src=\"\/wp-content\/uploads\/2023\/12\/1840357.jpg\" alt=\"\"><\/p>\n<h3>1840357<\/h3>\n<\/li>\n<li>\n<p>        <img decoding=\"async\" src=\"\/wp-content\/uploads\/2023\/12\/1840543.jpg\" alt=\"\"><\/p>\n<h3>1840543<\/h3>\n<\/li>\n<li>\n<p>        <img decoding=\"async\" src=\"\/wp-content\/uploads\/2023\/12\/1689085340665_DESPARPAJO.jpg\" alt=\"\"><\/p>\n<h3>1689085340665_DESPARPAJO<\/h3>\n<\/li>\n<li>\n<p>        <img decoding=\"async\" src=\"\/wp-content\/uploads\/2023\/12\/DDDDD.jpg\" alt=\"\"><\/p>\n<h3>DDDDD<\/h3>\n<\/li>\n<li>\n<p>        <img decoding=\"async\" src=\"\/wp-content\/uploads\/2023\/12\/transformacion-01.jpg\" alt=\"\"><\/p>\n<h3>transformacion-01<\/h3>\n<\/li>\n<\/ul>\n<p><!--more--><br \/>\n<!-- {\"type\":\"layout\",\"children\":[{\"type\":\"section\",\"props\":{\"image_position\":\"center-center\",\"style\":\"default\",\"title_breakpoint\":\"xl\",\"title_position\":\"top-left\",\"title_rotation\":\"left\",\"vertical_align\":\"middle\",\"width\":\"default\"},\"children\":[{\"type\":\"row\",\"props\":{\"layout\":\"1-2,1-2\"},\"children\":[{\"type\":\"column\",\"props\":{\"image_position\":\"center-center\",\"position_sticky_breakpoint\":\"m\",\"width_medium\":\"1-2\"},\"children\":[{\"type\":\"headline\",\"props\":{\"title_element\":\"h1\"},\"source\":{\"query\":{\"name\":\"pages.singlePage\"},\"props\":{\"content\":{\"filters\":{\"search\":\"\"},\"name\":\"title\"}}}},{\"type\":\"text\",\"props\":{\"column_breakpoint\":\"m\",\"content\":\"\n\n<p>Desparpajo subit diff\\u00e9rents types de transformations qui mettent \\u00e0 l'\\u00e9preuve son \\u00e9quilibre mental et physique. En manipulant des objets, elle fait en sorte que tout prenne plusieurs formes \\u00e0 la fois. C'est un spectacle qui surprend sans cesse le spectateur.<\\\/p>\",\"margin\":\"default\"}},{\"type\":\"headline\",\"props\":{\"content\":\"Sp\\u00e9cifications techniques\",\"title_element\":\"h3\"}},{\"type\":\"text\",\"props\":{\"column_breakpoint\":\"m\",\"content\":\"\n\n<p><strong>Espace<\\\/strong> : 5m x 5m x 5m.<br \\\/><strong>Temps de montage<\\\/strong> : 30 min.<br \\\/><strong>Temps de d\\u00e9montage<\\\/strong> : 30 min.<br \\\/><strong>Langue<\\\/strong> : Spectacle sans texte.<br \\\/><strong>Technique<\\\/strong> : Clown et objets.<br \\\/><strong>Dur\\u00e9e<\\\/strong> : 45 min.<br \\\/><strong>Spectacle<\\\/strong> : Rue. Pour les familles (\\u00e0 partir de 3 ans).<\\\/p>\",\"margin\":\"default\"}}]},{\"type\":\"column\",\"props\":{\"image_position\":\"center-center\",\"position_sticky_breakpoint\":\"m\",\"width_medium\":\"1-2\"},\"children\":[{\"type\":\"image\",\"props\":{\"image_height\":\"600\",\"image_svg_color\":\"emphasis\",\"margin\":\"default\"},\"source\":{\"query\":{\"name\":\"pages.singlePage\"},\"props\":{\"image\":{\"filters\":{\"search\":\"\"},\"name\":\"featuredImage.url\"}}}}]}]},{\"type\":\"row\",\"children\":[{\"type\":\"column\",\"props\":{\"image_position\":\"center-center\",\"position_sticky_breakpoint\":\"m\"},\"children\":[{\"type\":\"video\",\"props\":{\"margin\":\"default\",\"video\":\"https:\\\/\\\/youtu.be\\\/OLkg2X0iOyk?si=6V7Fs9kxRJDzCti3\",\"video_controls\":true,\"video_height\":\"1080\",\"video_width\":\"1920\"}}]}]}]},{\"type\":\"section\",\"props\":{\"image_position\":\"center-center\",\"image_size\":\"cover\",\"media_background\":\"rgba(0, 0, 0, 0)\",\"media_overlay\":\"rgba(0, 0, 0, 0.66)\",\"style\":\"default\",\"text_color\":\"light\",\"title_breakpoint\":\"xl\",\"title_position\":\"top-left\",\"title_rotation\":\"left\",\"vertical_align\":\"middle\",\"width\":\"default\"},\"children\":[{\"type\":\"row\",\"children\":[{\"type\":\"column\",\"props\":{\"image_position\":\"center-center\",\"position_sticky_breakpoint\":\"m\"},\"children\":[{\"type\":\"headline\",\"props\":{\"content\":\"Galerie d'images\",\"title_element\":\"h3\"}},{\"type\":\"gallery\",\"props\":{\"filter_align\":\"left\",\"filter_all\":true,\"filter_grid_breakpoint\":\"m\",\"filter_grid_width\":\"auto\",\"filter_position\":\"top\",\"filter_style\":\"tab\",\"grid_default\":\"1\",\"grid_masonry\":\"pack\",\"grid_medium\":\"3\",\"image_width\":\"600\",\"item_animation\":true,\"lightbox\":true,\"link_style\":\"default\",\"link_text\":\"\",\"margin\":\"default\",\"meta_align\":\"below-title\",\"meta_element\":\"div\",\"meta_style\":\"text-meta\",\"overlay_hover\":true,\"overlay_link\":true,\"overlay_mode\":\"cover\",\"overlay_position\":\"center\",\"overlay_style\":\"overlay-primary\",\"overlay_transition\":\"fade\",\"show_content\":true,\"show_hover_image\":true,\"show_link\":true,\"show_meta\":true,\"show_title\":false,\"text_align\":\"center\",\"text_color\":\"light\",\"title_element\":\"h3\",\"title_hover_style\":\"reset\"},\"children\":[{\"type\":\"gallery_item\",\"props\":{\"image\":\"wp-content\\\/uploads\\\/2023\\\/12\\\/1840357.jpg\",\"title\":\"1840357\"}},{\"type\":\"gallery_item\",\"props\":{\"image\":\"wp-content\\\/uploads\\\/2023\\\/12\\\/1840543.jpg\",\"title\":\"1840543\"}},{\"type\":\"gallery_item\",\"props\":{\"image\":\"wp-content\\\/uploads\\\/2023\\\/12\\\/1689085340665_DESPARPAJO.jpg\",\"title\":\"1689085340665_DESPARPAJO\"}},{\"type\":\"gallery_item\",\"props\":{\"image\":\"wp-content\\\/uploads\\\/2023\\\/12\\\/DDDDD.jpg\",\"title\":\"DDDDD\"}},{\"type\":\"gallery_item\",\"props\":{\"image\":\"wp-content\\\/uploads\\\/2023\\\/12\\\/transformacion-01.jpg\",\"title\":\"transformacion-01\"}}]}]}]}],\"source\":{\"query\":{\"name\":\"pages.singlePage\"},\"props\":{\"image\":{\"filters\":{\"search\":\"\"},\"name\":\"featuredImage.url\"}}}}],\"version\":\"4.2.11\"} --><\/p>\n","protected":false},"excerpt":{"rendered":"<p>Desparpajo subit diff\u00e9rents types de transformations qui mettent \u00e0 l&rsquo;\u00e9preuve son \u00e9quilibre mental et physique. En manipulant des objets, elle fait en sorte que tout prenne plusieurs formes \u00e0 la fois. C&rsquo;est un spectacle qui surprend sans cesse le spectateur. Sp\u00e9cifications techniques Espace : 5m x 5m x 5m.Temps de montage : 30 min.Temps de [&hellip;]<\/p>\n","protected":false},"author":1,"featured_media":205,"parent":427,"menu_order":0,"comment_status":"closed","ping_status":"closed","template":"","meta":{"footnotes":""},"class_list":["post-437","page","type-page","status-publish","has-post-thumbnail","hentry"],"acf":[],"_links":{"self":[{"href":"https:\/\/desparpajoclown.es\/fr\/wp-json\/wp\/v2\/pages\/437","targetHints":{"allow":["GET"]}}],"collection":[{"href":"https:\/\/desparpajoclown.es\/fr\/wp-json\/wp\/v2\/pages"}],"about":[{"href":"https:\/\/desparpajoclown.es\/fr\/wp-json\/wp\/v2\/types\/page"}],"author":[{"embeddable":true,"href":"https:\/\/desparpajoclown.es\/fr\/wp-json\/wp\/v2\/users\/1"}],"replies":[{"embeddable":true,"href":"https:\/\/desparpajoclown.es\/fr\/wp-json\/wp\/v2\/comments?post=437"}],"version-history":[{"count":3,"href":"https:\/\/desparpajoclown.es\/fr\/wp-json\/wp\/v2\/pages\/437\/revisions"}],"predecessor-version":[{"id":526,"href":"https:\/\/desparpajoclown.es\/fr\/wp-json\/wp\/v2\/pages\/437\/revisions\/526"}],"up":[{"embeddable":true,"href":"https:\/\/desparpajoclown.es\/fr\/wp-json\/wp\/v2\/pages\/427"}],"wp:featuredmedia":[{"embeddable":true,"href":"https:\/\/desparpajoclown.es\/fr\/wp-json\/wp\/v2\/media\/205"}],"wp:attachment":[{"href":"https:\/\/desparpajoclown.es\/fr\/wp-json\/wp\/v2\/media?parent=437"}],"curies":[{"name":"wp","href":"https:\/\/api.w.org\/{rel}","templated":true}]}}